{"id":911,"date":"2024-11-14T19:11:04","date_gmt":"2024-11-14T18:11:04","guid":{"rendered":"https:\/\/aceitesmioleum.com\/?post_type=product&#038;p=911"},"modified":"2024-11-14T19:18:07","modified_gmt":"2024-11-14T18:18:07","slug":"miel-de-mil-flores-mioleum-2-kg","status":"publish","type":"product","link":"https:\/\/aceitesmioleum.com\/en\/product\/miel-de-mil-flores-mioleum-2-kg\/","title":{"rendered":"Miel de Mil Flores Mi\u00f3leum 2 kg"},"content":{"rendered":"<p><strong>Presentation<\/strong>: Bote de pl\u00e1stico de 2 kg.<\/p>\n<p><strong>Features<\/strong>: Miel de mil flores procedente de colmenas de Sierra Morena y recolectada artesanalmente.<\/p>\n<p><strong>Usage<\/strong>: Se trata de un excelente sustituto del az\u00facar natural y una gran fuente de carbohidratos como la glucosa. La miel de abeja se compone adem\u00e1s de vitaminas, amino\u00e1cidos, antioxidantes, minerales y enzimas que pueden influir en el alivio de los s\u00edntomas de un resfriado o una gripe.<\/p>\n<p><strong>Ingredients<\/strong>: Miel, Producto natural.<\/p>\n<p><strong>Conservation<\/strong>: Conservar en lugar fresco, seco y alejado de la luz directa, calor y olores, entre 10 y 26\u00baC.<\/p>","protected":false},"excerpt":{"rendered":"<p>Miel de mil flores procedente de colmenas de Sierra Morena y recolectada artesanalmente.<\/p>","protected":false},"featured_media":874,"comment_status":"open","ping_status":"closed","template":"","meta":[],"product_brand":[],"product_cat":[48],"product_tag":[],"class_list":{"0":"post-911","1":"product","2":"type-product","3":"status-publish","4":"has-post-thumbnail","6":"product_cat-miel","8":"first","9":"instock","10":"shipping-taxable","11":"purchasable","12":"product-type-variable"},"yoast_head":"<!-- This site is optimized with the Yoast SEO plugin v27.3 - https:\/\/yoast.com\/product\/yoast-seo-wordpress\/ -->\n<title>Miel de Mil Flores Mi\u00f3leum 2 kg - Aceites Mioleum %<\/title>\n<meta name=\"description\" content=\"Aceites Mioleum Miel de Mil Flores Mi\u00f3leum 2 kg Premium Producto Gourmet Alta Cocina %\" \/>\n<meta name=\"robots\" content=\"index, follow, max-snippet:-1, max-image-preview:large, max-video-preview:-1\" \/>\n<link rel=\"canonical\" href=\"https:\/\/aceitesmioleum.com\/en\/product\/miel-de-mil-flores-mioleum-2-kg\/\" \/>\n<meta property=\"og:locale\" content=\"en_GB\" \/>\n<meta property=\"og:type\" content=\"article\" \/>\n<meta property=\"og:title\" content=\"Miel de Mil Flores Mi\u00f3leum 2 kg - Aceites Mioleum %\" \/>\n<meta property=\"og:description\" content=\"Aceites Mioleum Miel de Mil Flores Mi\u00f3leum 2 kg Premium Producto Gourmet Alta Cocina %\" \/>\n<meta property=\"og:url\" content=\"https:\/\/aceitesmioleum.com\/en\/product\/miel-de-mil-flores-mioleum-2-kg\/\" \/>\n<meta property=\"og:site_name\" content=\"Aceites Mioleum\" \/>\n<meta property=\"article:modified_time\" content=\"2024-11-14T18:18:07+00:00\" \/>\n<meta property=\"og:image\" content=\"https:\/\/aceitesmioleum.com\/wp-content\/uploads\/2024\/11\/MIL-FLORES-2-KG-e1731608108756.jpeg\" \/>\n\t<meta property=\"og:image:width\" content=\"1064\" \/>\n\t<meta property=\"og:image:height\" content=\"1500\" \/>\n\t<meta property=\"og:image:type\" content=\"image\/jpeg\" \/>\n<meta name=\"twitter:card\" content=\"summary_large_image\" \/>\n<script type=\"application\/ld+json\" class=\"yoast-schema-graph\">{\"@context\":\"https:\\\/\\\/schema.org\",\"@graph\":[{\"@type\":\"WebPage\",\"@id\":\"https:\\\/\\\/aceitesmioleum.com\\\/producto\\\/miel-de-mil-flores-mioleum-2-kg\\\/\",\"url\":\"https:\\\/\\\/aceitesmioleum.com\\\/producto\\\/miel-de-mil-flores-mioleum-2-kg\\\/\",\"name\":\"Miel de Mil Flores Mi\u00f3leum 2 kg - Aceites Mioleum %\",\"isPartOf\":{\"@id\":\"https:\\\/\\\/aceitesmioleum.com\\\/#website\"},\"primaryImageOfPage\":{\"@id\":\"https:\\\/\\\/aceitesmioleum.com\\\/producto\\\/miel-de-mil-flores-mioleum-2-kg\\\/#primaryimage\"},\"image\":{\"@id\":\"https:\\\/\\\/aceitesmioleum.com\\\/producto\\\/miel-de-mil-flores-mioleum-2-kg\\\/#primaryimage\"},\"thumbnailUrl\":\"https:\\\/\\\/aceitesmioleum.com\\\/wp-content\\\/uploads\\\/2024\\\/11\\\/MIL-FLORES-2-KG-e1731608108756.jpeg\",\"datePublished\":\"2024-11-14T18:11:04+00:00\",\"dateModified\":\"2024-11-14T18:18:07+00:00\",\"description\":\"Aceites Mioleum Miel de Mil Flores Mi\u00f3leum 2 kg Premium Producto Gourmet Alta Cocina %\",\"breadcrumb\":{\"@id\":\"https:\\\/\\\/aceitesmioleum.com\\\/producto\\\/miel-de-mil-flores-mioleum-2-kg\\\/#breadcrumb\"},\"inLanguage\":\"en-GB\",\"potentialAction\":[{\"@type\":\"ReadAction\",\"target\":[\"https:\\\/\\\/aceitesmioleum.com\\\/producto\\\/miel-de-mil-flores-mioleum-2-kg\\\/\"]}]},{\"@type\":\"ImageObject\",\"inLanguage\":\"en-GB\",\"@id\":\"https:\\\/\\\/aceitesmioleum.com\\\/producto\\\/miel-de-mil-flores-mioleum-2-kg\\\/#primaryimage\",\"url\":\"https:\\\/\\\/aceitesmioleum.com\\\/wp-content\\\/uploads\\\/2024\\\/11\\\/MIL-FLORES-2-KG-e1731608108756.jpeg\",\"contentUrl\":\"https:\\\/\\\/aceitesmioleum.com\\\/wp-content\\\/uploads\\\/2024\\\/11\\\/MIL-FLORES-2-KG-e1731608108756.jpeg\",\"width\":1064,\"height\":1500},{\"@type\":\"BreadcrumbList\",\"@id\":\"https:\\\/\\\/aceitesmioleum.com\\\/producto\\\/miel-de-mil-flores-mioleum-2-kg\\\/#breadcrumb\",\"itemListElement\":[{\"@type\":\"ListItem\",\"position\":1,\"name\":\"Portada\",\"item\":\"https:\\\/\\\/aceitesmioleum.com\\\/\"},{\"@type\":\"ListItem\",\"position\":2,\"name\":\"Tienda\",\"item\":\"https:\\\/\\\/aceitesmioleum.com\\\/tienda\\\/\"},{\"@type\":\"ListItem\",\"position\":3,\"name\":\"Miel de Mil Flores Mi\u00f3leum 2 kg\"}]},{\"@type\":\"WebSite\",\"@id\":\"https:\\\/\\\/aceitesmioleum.com\\\/#website\",\"url\":\"https:\\\/\\\/aceitesmioleum.com\\\/\",\"name\":\"Aceites Mioleum\",\"description\":\"Aceites Mioleum\",\"publisher\":{\"@id\":\"https:\\\/\\\/aceitesmioleum.com\\\/#organization\"},\"potentialAction\":[{\"@type\":\"SearchAction\",\"target\":{\"@type\":\"EntryPoint\",\"urlTemplate\":\"https:\\\/\\\/aceitesmioleum.com\\\/?s={search_term_string}\"},\"query-input\":{\"@type\":\"PropertyValueSpecification\",\"valueRequired\":true,\"valueName\":\"search_term_string\"}}],\"inLanguage\":\"en-GB\"},{\"@type\":\"Organization\",\"@id\":\"https:\\\/\\\/aceitesmioleum.com\\\/#organization\",\"name\":\"Aceites Mioleum\",\"url\":\"https:\\\/\\\/aceitesmioleum.com\\\/\",\"logo\":{\"@type\":\"ImageObject\",\"inLanguage\":\"en-GB\",\"@id\":\"https:\\\/\\\/aceitesmioleum.com\\\/#\\\/schema\\\/logo\\\/image\\\/\",\"url\":\"https:\\\/\\\/aceitesmioleum.com\\\/wp-content\\\/uploads\\\/2021\\\/10\\\/logo-e1635103494703.png\",\"contentUrl\":\"https:\\\/\\\/aceitesmioleum.com\\\/wp-content\\\/uploads\\\/2021\\\/10\\\/logo-e1635103494703.png\",\"width\":232,\"height\":150,\"caption\":\"Aceites Mioleum\"},\"image\":{\"@id\":\"https:\\\/\\\/aceitesmioleum.com\\\/#\\\/schema\\\/logo\\\/image\\\/\"}}]}<\/script>\n<!-- \/ Yoast SEO plugin. -->","yoast_head_json":{"title":"Miel de Mil Flores Mi\u00f3leum 2 kg - Aceites Mioleum %","description":"Aceites Mioleum Miel de Mil Flores Mi\u00f3leum 2 kg Premium Producto Gourmet Alta Cocina %","robots":{"index":"index","follow":"follow","max-snippet":"max-snippet:-1","max-image-preview":"max-image-preview:large","max-video-preview":"max-video-preview:-1"},"canonical":"https:\/\/aceitesmioleum.com\/en\/product\/miel-de-mil-flores-mioleum-2-kg\/","og_locale":"en_GB","og_type":"article","og_title":"Miel de Mil Flores Mi\u00f3leum 2 kg - Aceites Mioleum %","og_description":"Aceites Mioleum Miel de Mil Flores Mi\u00f3leum 2 kg Premium Producto Gourmet Alta Cocina %","og_url":"https:\/\/aceitesmioleum.com\/en\/product\/miel-de-mil-flores-mioleum-2-kg\/","og_site_name":"Aceites Mioleum","article_modified_time":"2024-11-14T18:18:07+00:00","og_image":[{"width":1064,"height":1500,"url":"https:\/\/aceitesmioleum.com\/wp-content\/uploads\/2024\/11\/MIL-FLORES-2-KG-e1731608108756.jpeg","type":"image\/jpeg"}],"twitter_card":"summary_large_image","schema":{"@context":"https:\/\/schema.org","@graph":[{"@type":"WebPage","@id":"https:\/\/aceitesmioleum.com\/producto\/miel-de-mil-flores-mioleum-2-kg\/","url":"https:\/\/aceitesmioleum.com\/producto\/miel-de-mil-flores-mioleum-2-kg\/","name":"Miel de Mil Flores Mi\u00f3leum 2 kg - Aceites Mioleum %","isPartOf":{"@id":"https:\/\/aceitesmioleum.com\/#website"},"primaryImageOfPage":{"@id":"https:\/\/aceitesmioleum.com\/producto\/miel-de-mil-flores-mioleum-2-kg\/#primaryimage"},"image":{"@id":"https:\/\/aceitesmioleum.com\/producto\/miel-de-mil-flores-mioleum-2-kg\/#primaryimage"},"thumbnailUrl":"https:\/\/aceitesmioleum.com\/wp-content\/uploads\/2024\/11\/MIL-FLORES-2-KG-e1731608108756.jpeg","datePublished":"2024-11-14T18:11:04+00:00","dateModified":"2024-11-14T18:18:07+00:00","description":"Aceites Mioleum Miel de Mil Flores Mi\u00f3leum 2 kg Premium Producto Gourmet Alta Cocina %","breadcrumb":{"@id":"https:\/\/aceitesmioleum.com\/producto\/miel-de-mil-flores-mioleum-2-kg\/#breadcrumb"},"inLanguage":"en-GB","potentialAction":[{"@type":"ReadAction","target":["https:\/\/aceitesmioleum.com\/producto\/miel-de-mil-flores-mioleum-2-kg\/"]}]},{"@type":"ImageObject","inLanguage":"en-GB","@id":"https:\/\/aceitesmioleum.com\/producto\/miel-de-mil-flores-mioleum-2-kg\/#primaryimage","url":"https:\/\/aceitesmioleum.com\/wp-content\/uploads\/2024\/11\/MIL-FLORES-2-KG-e1731608108756.jpeg","contentUrl":"https:\/\/aceitesmioleum.com\/wp-content\/uploads\/2024\/11\/MIL-FLORES-2-KG-e1731608108756.jpeg","width":1064,"height":1500},{"@type":"BreadcrumbList","@id":"https:\/\/aceitesmioleum.com\/producto\/miel-de-mil-flores-mioleum-2-kg\/#breadcrumb","itemListElement":[{"@type":"ListItem","position":1,"name":"Portada","item":"https:\/\/aceitesmioleum.com\/"},{"@type":"ListItem","position":2,"name":"Tienda","item":"https:\/\/aceitesmioleum.com\/tienda\/"},{"@type":"ListItem","position":3,"name":"Miel de Mil Flores Mi\u00f3leum 2 kg"}]},{"@type":"WebSite","@id":"https:\/\/aceitesmioleum.com\/#website","url":"https:\/\/aceitesmioleum.com\/","name":"Aceites Mioleum","description":"Aceites Mioleum","publisher":{"@id":"https:\/\/aceitesmioleum.com\/#organization"},"potentialAction":[{"@type":"SearchAction","target":{"@type":"EntryPoint","urlTemplate":"https:\/\/aceitesmioleum.com\/?s={search_term_string}"},"query-input":{"@type":"PropertyValueSpecification","valueRequired":true,"valueName":"search_term_string"}}],"inLanguage":"en-GB"},{"@type":"Organization","@id":"https:\/\/aceitesmioleum.com\/#organization","name":"Aceites Mioleum","url":"https:\/\/aceitesmioleum.com\/","logo":{"@type":"ImageObject","inLanguage":"en-GB","@id":"https:\/\/aceitesmioleum.com\/#\/schema\/logo\/image\/","url":"https:\/\/aceitesmioleum.com\/wp-content\/uploads\/2021\/10\/logo-e1635103494703.png","contentUrl":"https:\/\/aceitesmioleum.com\/wp-content\/uploads\/2021\/10\/logo-e1635103494703.png","width":232,"height":150,"caption":"Aceites Mioleum"},"image":{"@id":"https:\/\/aceitesmioleum.com\/#\/schema\/logo\/image\/"}}]}},"_links":{"self":[{"href":"https:\/\/aceitesmioleum.com\/en\/wp-json\/wp\/v2\/product\/911","targetHints":{"allow":["GET"]}}],"collection":[{"href":"https:\/\/aceitesmioleum.com\/en\/wp-json\/wp\/v2\/product"}],"about":[{"href":"https:\/\/aceitesmioleum.com\/en\/wp-json\/wp\/v2\/types\/product"}],"replies":[{"embeddable":true,"href":"https:\/\/aceitesmioleum.com\/en\/wp-json\/wp\/v2\/comments?post=911"}],"wp:featuredmedia":[{"embeddable":true,"href":"https:\/\/aceitesmioleum.com\/en\/wp-json\/wp\/v2\/media\/874"}],"wp:attachment":[{"href":"https:\/\/aceitesmioleum.com\/en\/wp-json\/wp\/v2\/media?parent=911"}],"wp:term":[{"taxonomy":"product_brand","embeddable":true,"href":"https:\/\/aceitesmioleum.com\/en\/wp-json\/wp\/v2\/product_brand?post=911"},{"taxonomy":"product_cat","embeddable":true,"href":"https:\/\/aceitesmioleum.com\/en\/wp-json\/wp\/v2\/product_cat?post=911"},{"taxonomy":"product_tag","embeddable":true,"href":"https:\/\/aceitesmioleum.com\/en\/wp-json\/wp\/v2\/product_tag?post=911"}],"curies":[{"name":"wp","href":"https:\/\/api.w.org\/{rel}","templated":true}]}}