{"id":884,"date":"2024-11-14T17:13:33","date_gmt":"2024-11-14T16:13:33","guid":{"rendered":"https:\/\/aceitesmioleum.com\/?post_type=product&#038;p=884"},"modified":"2025-12-06T20:59:34","modified_gmt":"2025-12-06T19:59:34","slug":"pate-de-morcilla-con-pinones","status":"publish","type":"product","link":"https:\/\/aceitesmioleum.com\/en\/product\/pate-de-morcilla-con-pinones\/","title":{"rendered":"Pat\u00e9 de Morcilla con Pi\u00f1ones Mi\u00f3leum"},"content":{"rendered":"<p><strong>Presentation<\/strong>: Tarrina de cristal de 110 grs.<\/p>\n<p><strong>Features<\/strong>: Pat\u00e9 artesano fabricado con ingredientes de m\u00e1xima calidad, de suave textura, untuoso y excelente al paladar.<\/p>\n<p><strong>Usage<\/strong>: El pat\u00e9 perfecto para preparar un aperitivo espectacular o como ingrediente junto a otros productos. Ideal para disfrutarlo con pan tostado. Pru\u00e9balo en tus desayunos o meriendas, o a\u00f1\u00e1dela a tus platos, les dar\u00e1 un aire innovador y de alta cocina.<\/p>\n<p><strong>Ingredients<\/strong>: Cebolla, arroz, sangre de cerdo, tocino de cerdo (antioxidantes E-320 y E-321), sal, f\u00e9cula de patata, especias, az\u00facar, pi\u00f1ones (1%), aroma, emulgentes (E-451i y E-452i), colorante natural (extracto de piment\u00f3n), aceite de girasol, conservador (acetato de sodio), plantas arom\u00e1ticas y antioxidantes (lactato de sodio).<\/p>\n<p><strong>Conservation<\/strong>: conservar en lugar fresco, seco y alejado de la luz directa, calor y olores, entre 10 y 26\u00baC. Una vez abierto, guardar en el refrigerador entre 0\u00ba C y 5\u00ba C y consumir antes de 5 d\u00edas.<\/p>","protected":false},"excerpt":{"rendered":"<p>El pat\u00e9 perfecto para preparar un aperitivo espectacular o como ingrediente junto a otros productos. Ideal para disfrutarlo con pan tostado. Pru\u00e9balo en tus desayunos o meriendas, o a\u00f1\u00e1dela a tus platos, les dar\u00e1 un aire innovador y de alta cocina.<\/p>","protected":false},"featured_media":873,"comment_status":"open","ping_status":"closed","template":"","meta":[],"product_brand":[],"product_cat":[49],"product_tag":[],"class_list":{"0":"post-884","1":"product","2":"type-product","3":"status-publish","4":"has-post-thumbnail","6":"product_cat-pates","8":"first","9":"instock","10":"shipping-taxable","11":"purchasable","12":"product-type-variable"},"yoast_head":"<!-- This site is optimized with the Yoast SEO plugin v27.3 - https:\/\/yoast.com\/product\/yoast-seo-wordpress\/ -->\n<title>Pat\u00e9 de Morcilla con Pi\u00f1ones Mi\u00f3leum - Aceites Mioleum %<\/title>\n<meta name=\"description\" content=\"Aceites Mioleum Pat\u00e9 de Morcilla con Pi\u00f1ones Mi\u00f3leum Premium Producto Gourmet Alta Cocina %\" \/>\n<meta name=\"robots\" content=\"index, follow, max-snippet:-1, max-image-preview:large, max-video-preview:-1\" \/>\n<link rel=\"canonical\" href=\"https:\/\/aceitesmioleum.com\/en\/product\/pate-de-morcilla-con-pinones\/\" \/>\n<meta property=\"og:locale\" content=\"en_GB\" \/>\n<meta property=\"og:type\" content=\"article\" \/>\n<meta property=\"og:title\" content=\"Pat\u00e9 de Morcilla con Pi\u00f1ones Mi\u00f3leum - Aceites Mioleum %\" \/>\n<meta property=\"og:description\" content=\"Aceites Mioleum Pat\u00e9 de Morcilla con Pi\u00f1ones Mi\u00f3leum Premium Producto Gourmet Alta Cocina %\" \/>\n<meta property=\"og:url\" content=\"https:\/\/aceitesmioleum.com\/en\/product\/pate-de-morcilla-con-pinones\/\" \/>\n<meta property=\"og:site_name\" content=\"Aceites Mioleum\" \/>\n<meta property=\"article:modified_time\" content=\"2025-12-06T19:59:34+00:00\" \/>\n<meta property=\"og:image\" content=\"https:\/\/aceitesmioleum.com\/wp-content\/uploads\/2024\/11\/IMG_9059.jpeg\" \/>\n\t<meta property=\"og:image:width\" content=\"1800\" \/>\n\t<meta property=\"og:image:height\" content=\"2400\" \/>\n\t<meta property=\"og:image:type\" content=\"image\/jpeg\" \/>\n<meta name=\"twitter:card\" content=\"summary_large_image\" \/>\n<meta name=\"twitter:label1\" content=\"Estimated reading time\" \/>\n\t<meta name=\"twitter:data1\" content=\"1 minute\" \/>\n<script type=\"application\/ld+json\" class=\"yoast-schema-graph\">{\"@context\":\"https:\\\/\\\/schema.org\",\"@graph\":[{\"@type\":\"WebPage\",\"@id\":\"https:\\\/\\\/aceitesmioleum.com\\\/producto\\\/pate-de-morcilla-con-pinones\\\/\",\"url\":\"https:\\\/\\\/aceitesmioleum.com\\\/producto\\\/pate-de-morcilla-con-pinones\\\/\",\"name\":\"Pat\u00e9 de Morcilla con Pi\u00f1ones Mi\u00f3leum - Aceites Mioleum %\",\"isPartOf\":{\"@id\":\"https:\\\/\\\/aceitesmioleum.com\\\/#website\"},\"primaryImageOfPage\":{\"@id\":\"https:\\\/\\\/aceitesmioleum.com\\\/producto\\\/pate-de-morcilla-con-pinones\\\/#primaryimage\"},\"image\":{\"@id\":\"https:\\\/\\\/aceitesmioleum.com\\\/producto\\\/pate-de-morcilla-con-pinones\\\/#primaryimage\"},\"thumbnailUrl\":\"https:\\\/\\\/aceitesmioleum.com\\\/wp-content\\\/uploads\\\/2024\\\/11\\\/IMG_9059.jpeg\",\"datePublished\":\"2024-11-14T16:13:33+00:00\",\"dateModified\":\"2025-12-06T19:59:34+00:00\",\"description\":\"Aceites Mioleum Pat\u00e9 de Morcilla con Pi\u00f1ones Mi\u00f3leum Premium Producto Gourmet Alta Cocina %\",\"breadcrumb\":{\"@id\":\"https:\\\/\\\/aceitesmioleum.com\\\/producto\\\/pate-de-morcilla-con-pinones\\\/#breadcrumb\"},\"inLanguage\":\"en-GB\",\"potentialAction\":[{\"@type\":\"ReadAction\",\"target\":[\"https:\\\/\\\/aceitesmioleum.com\\\/producto\\\/pate-de-morcilla-con-pinones\\\/\"]}]},{\"@type\":\"ImageObject\",\"inLanguage\":\"en-GB\",\"@id\":\"https:\\\/\\\/aceitesmioleum.com\\\/producto\\\/pate-de-morcilla-con-pinones\\\/#primaryimage\",\"url\":\"https:\\\/\\\/aceitesmioleum.com\\\/wp-content\\\/uploads\\\/2024\\\/11\\\/IMG_9059.jpeg\",\"contentUrl\":\"https:\\\/\\\/aceitesmioleum.com\\\/wp-content\\\/uploads\\\/2024\\\/11\\\/IMG_9059.jpeg\",\"width\":1800,\"height\":2400},{\"@type\":\"BreadcrumbList\",\"@id\":\"https:\\\/\\\/aceitesmioleum.com\\\/producto\\\/pate-de-morcilla-con-pinones\\\/#breadcrumb\",\"itemListElement\":[{\"@type\":\"ListItem\",\"position\":1,\"name\":\"Portada\",\"item\":\"https:\\\/\\\/aceitesmioleum.com\\\/\"},{\"@type\":\"ListItem\",\"position\":2,\"name\":\"Tienda\",\"item\":\"https:\\\/\\\/aceitesmioleum.com\\\/tienda\\\/\"},{\"@type\":\"ListItem\",\"position\":3,\"name\":\"Pat\u00e9 de Morcilla con Pi\u00f1ones Mi\u00f3leum\"}]},{\"@type\":\"WebSite\",\"@id\":\"https:\\\/\\\/aceitesmioleum.com\\\/#website\",\"url\":\"https:\\\/\\\/aceitesmioleum.com\\\/\",\"name\":\"Aceites Mioleum\",\"description\":\"Aceites Mioleum\",\"publisher\":{\"@id\":\"https:\\\/\\\/aceitesmioleum.com\\\/#organization\"},\"potentialAction\":[{\"@type\":\"SearchAction\",\"target\":{\"@type\":\"EntryPoint\",\"urlTemplate\":\"https:\\\/\\\/aceitesmioleum.com\\\/?s={search_term_string}\"},\"query-input\":{\"@type\":\"PropertyValueSpecification\",\"valueRequired\":true,\"valueName\":\"search_term_string\"}}],\"inLanguage\":\"en-GB\"},{\"@type\":\"Organization\",\"@id\":\"https:\\\/\\\/aceitesmioleum.com\\\/#organization\",\"name\":\"Aceites Mioleum\",\"url\":\"https:\\\/\\\/aceitesmioleum.com\\\/\",\"logo\":{\"@type\":\"ImageObject\",\"inLanguage\":\"en-GB\",\"@id\":\"https:\\\/\\\/aceitesmioleum.com\\\/#\\\/schema\\\/logo\\\/image\\\/\",\"url\":\"https:\\\/\\\/aceitesmioleum.com\\\/wp-content\\\/uploads\\\/2021\\\/10\\\/logo-e1635103494703.png\",\"contentUrl\":\"https:\\\/\\\/aceitesmioleum.com\\\/wp-content\\\/uploads\\\/2021\\\/10\\\/logo-e1635103494703.png\",\"width\":232,\"height\":150,\"caption\":\"Aceites Mioleum\"},\"image\":{\"@id\":\"https:\\\/\\\/aceitesmioleum.com\\\/#\\\/schema\\\/logo\\\/image\\\/\"}}]}<\/script>\n<!-- \/ Yoast SEO plugin. -->","yoast_head_json":{"title":"Pat\u00e9 de Morcilla con Pi\u00f1ones Mi\u00f3leum - Aceites Mioleum %","description":"Aceites Mioleum Pat\u00e9 de Morcilla con Pi\u00f1ones Mi\u00f3leum Premium Producto Gourmet Alta Cocina %","robots":{"index":"index","follow":"follow","max-snippet":"max-snippet:-1","max-image-preview":"max-image-preview:large","max-video-preview":"max-video-preview:-1"},"canonical":"https:\/\/aceitesmioleum.com\/en\/product\/pate-de-morcilla-con-pinones\/","og_locale":"en_GB","og_type":"article","og_title":"Pat\u00e9 de Morcilla con Pi\u00f1ones Mi\u00f3leum - Aceites Mioleum %","og_description":"Aceites Mioleum Pat\u00e9 de Morcilla con Pi\u00f1ones Mi\u00f3leum Premium Producto Gourmet Alta Cocina %","og_url":"https:\/\/aceitesmioleum.com\/en\/product\/pate-de-morcilla-con-pinones\/","og_site_name":"Aceites Mioleum","article_modified_time":"2025-12-06T19:59:34+00:00","og_image":[{"width":1800,"height":2400,"url":"https:\/\/aceitesmioleum.com\/wp-content\/uploads\/2024\/11\/IMG_9059.jpeg","type":"image\/jpeg"}],"twitter_card":"summary_large_image","twitter_misc":{"Estimated reading time":"1 minute"},"schema":{"@context":"https:\/\/schema.org","@graph":[{"@type":"WebPage","@id":"https:\/\/aceitesmioleum.com\/producto\/pate-de-morcilla-con-pinones\/","url":"https:\/\/aceitesmioleum.com\/producto\/pate-de-morcilla-con-pinones\/","name":"Pat\u00e9 de Morcilla con Pi\u00f1ones Mi\u00f3leum - Aceites Mioleum %","isPartOf":{"@id":"https:\/\/aceitesmioleum.com\/#website"},"primaryImageOfPage":{"@id":"https:\/\/aceitesmioleum.com\/producto\/pate-de-morcilla-con-pinones\/#primaryimage"},"image":{"@id":"https:\/\/aceitesmioleum.com\/producto\/pate-de-morcilla-con-pinones\/#primaryimage"},"thumbnailUrl":"https:\/\/aceitesmioleum.com\/wp-content\/uploads\/2024\/11\/IMG_9059.jpeg","datePublished":"2024-11-14T16:13:33+00:00","dateModified":"2025-12-06T19:59:34+00:00","description":"Aceites Mioleum Pat\u00e9 de Morcilla con Pi\u00f1ones Mi\u00f3leum Premium Producto Gourmet Alta Cocina %","breadcrumb":{"@id":"https:\/\/aceitesmioleum.com\/producto\/pate-de-morcilla-con-pinones\/#breadcrumb"},"inLanguage":"en-GB","potentialAction":[{"@type":"ReadAction","target":["https:\/\/aceitesmioleum.com\/producto\/pate-de-morcilla-con-pinones\/"]}]},{"@type":"ImageObject","inLanguage":"en-GB","@id":"https:\/\/aceitesmioleum.com\/producto\/pate-de-morcilla-con-pinones\/#primaryimage","url":"https:\/\/aceitesmioleum.com\/wp-content\/uploads\/2024\/11\/IMG_9059.jpeg","contentUrl":"https:\/\/aceitesmioleum.com\/wp-content\/uploads\/2024\/11\/IMG_9059.jpeg","width":1800,"height":2400},{"@type":"BreadcrumbList","@id":"https:\/\/aceitesmioleum.com\/producto\/pate-de-morcilla-con-pinones\/#breadcrumb","itemListElement":[{"@type":"ListItem","position":1,"name":"Portada","item":"https:\/\/aceitesmioleum.com\/"},{"@type":"ListItem","position":2,"name":"Tienda","item":"https:\/\/aceitesmioleum.com\/tienda\/"},{"@type":"ListItem","position":3,"name":"Pat\u00e9 de Morcilla con Pi\u00f1ones Mi\u00f3leum"}]},{"@type":"WebSite","@id":"https:\/\/aceitesmioleum.com\/#website","url":"https:\/\/aceitesmioleum.com\/","name":"Aceites Mioleum","description":"Aceites Mioleum","publisher":{"@id":"https:\/\/aceitesmioleum.com\/#organization"},"potentialAction":[{"@type":"SearchAction","target":{"@type":"EntryPoint","urlTemplate":"https:\/\/aceitesmioleum.com\/?s={search_term_string}"},"query-input":{"@type":"PropertyValueSpecification","valueRequired":true,"valueName":"search_term_string"}}],"inLanguage":"en-GB"},{"@type":"Organization","@id":"https:\/\/aceitesmioleum.com\/#organization","name":"Aceites Mioleum","url":"https:\/\/aceitesmioleum.com\/","logo":{"@type":"ImageObject","inLanguage":"en-GB","@id":"https:\/\/aceitesmioleum.com\/#\/schema\/logo\/image\/","url":"https:\/\/aceitesmioleum.com\/wp-content\/uploads\/2021\/10\/logo-e1635103494703.png","contentUrl":"https:\/\/aceitesmioleum.com\/wp-content\/uploads\/2021\/10\/logo-e1635103494703.png","width":232,"height":150,"caption":"Aceites Mioleum"},"image":{"@id":"https:\/\/aceitesmioleum.com\/#\/schema\/logo\/image\/"}}]}},"_links":{"self":[{"href":"https:\/\/aceitesmioleum.com\/en\/wp-json\/wp\/v2\/product\/884","targetHints":{"allow":["GET"]}}],"collection":[{"href":"https:\/\/aceitesmioleum.com\/en\/wp-json\/wp\/v2\/product"}],"about":[{"href":"https:\/\/aceitesmioleum.com\/en\/wp-json\/wp\/v2\/types\/product"}],"replies":[{"embeddable":true,"href":"https:\/\/aceitesmioleum.com\/en\/wp-json\/wp\/v2\/comments?post=884"}],"wp:featuredmedia":[{"embeddable":true,"href":"https:\/\/aceitesmioleum.com\/en\/wp-json\/wp\/v2\/media\/873"}],"wp:attachment":[{"href":"https:\/\/aceitesmioleum.com\/en\/wp-json\/wp\/v2\/media?parent=884"}],"wp:term":[{"taxonomy":"product_brand","embeddable":true,"href":"https:\/\/aceitesmioleum.com\/en\/wp-json\/wp\/v2\/product_brand?post=884"},{"taxonomy":"product_cat","embeddable":true,"href":"https:\/\/aceitesmioleum.com\/en\/wp-json\/wp\/v2\/product_cat?post=884"},{"taxonomy":"product_tag","embeddable":true,"href":"https:\/\/aceitesmioleum.com\/en\/wp-json\/wp\/v2\/product_tag?post=884"}],"curies":[{"name":"wp","href":"https:\/\/api.w.org\/{rel}","templated":true}]}}