{"id":755,"date":"2023-11-06T20:25:49","date_gmt":"2023-11-06T19:25:49","guid":{"rendered":"https:\/\/aceitesmioleum.com\/?post_type=product&#038;p=755"},"modified":"2025-12-06T21:30:21","modified_gmt":"2025-12-06T20:30:21","slug":"tableta-mioleum-de-chocolate-artesano-relleno-de-crema-de-fresa-y-con-aove","status":"publish","type":"product","link":"https:\/\/aceitesmioleum.com\/en\/product\/tableta-mioleum-de-chocolate-artesano-relleno-de-crema-de-fresa-y-con-aove\/","title":{"rendered":"Mi\u00f3leum artisan chocolate bar filled with strawberry cream and EVOO"},"content":{"rendered":"<p><strong>Presentation<\/strong>: Tableta de chocolate de 105 gr<\/p>\n<p><strong>Features<\/strong>: Maridaje cl\u00e1sico donde los haya. Partiendo como siempre de nuestro chocolate negro con AOVE y una de nuestras cremas estrella, la de fresa, hecha a mano, con fresas naturales seleccionadas y acompa\u00f1adas por un excepcional aceite de oliva virgen extra, creamos esta tableta con coraz\u00f3n de fresa, siendo uno de los maridajes m\u00e1s exquisitos que existen.\u00a0 Producto sin gluten.<\/p>\n<p><strong>Ingredients<\/strong>:<\/p>\n<ul>\n<li>Cocoa paste<\/li>\n<li>Cocoa butter<\/li>\n<li>Sugar<\/li>\n<li>Emulsifier: soy lecithin<\/li>\n<li>Natural vanilla flavouring<\/li>\n<li>Minimum cocoa: 65%.<\/li>\n<li>Extra Virgin Olive Oil (minimum 5%)<\/li>\n<li>Filling:\n<ul>\n<li>Milk<\/li>\n<li>Sugar<\/li>\n<li>Cocoa butter<\/li>\n<li>Extra Virgin Olive Oil (minimum 6%)<\/li>\n<li>Strawberry<\/li>\n<li>Lemon<\/li>\n<li>Anhydrous milk fat<\/li>\n<li>Emulsifier: Soy lecithin<\/li>\n<li>Pectin<\/li>\n<li>Aroma<\/li>\n<\/ul>\n<\/li>\n<\/ul>\n<p><strong>Allergens<\/strong>:<\/p>\n<ul>\n<li>Gluten-free<\/li>\n<li>Contains soy and milk<\/li>\n<li>May contain traces of nuts<\/li>\n<\/ul>","protected":false},"excerpt":{"rendered":"<p>A classic pairing if ever there was one. Starting as always with our dark chocolate with EVOO and one of our star creams, the strawberry cream, handmade with selected natural strawberries and accompanied by an exceptional extra virgin olive oil, we create this bar with a strawberry heart, one of the most exquisite pairings that exist.<\/p>","protected":false},"featured_media":763,"comment_status":"open","ping_status":"closed","template":"","meta":[],"product_brand":[],"product_cat":[37],"product_tag":[],"class_list":{"0":"post-755","1":"product","2":"type-product","3":"status-publish","4":"has-post-thumbnail","6":"product_cat-chocolates","8":"first","9":"instock","10":"shipping-taxable","11":"purchasable","12":"product-type-variable"},"yoast_head":"<!-- This site is optimized with the Yoast SEO plugin v27.3 - https:\/\/yoast.com\/product\/yoast-seo-wordpress\/ -->\n<title>Tableta Mi\u00f3leum de Chocolate artesano relleno de crema de fresa y con AOVE - Aceites Mioleum<\/title>\n<meta name=\"robots\" content=\"index, follow, max-snippet:-1, max-image-preview:large, max-video-preview:-1\" \/>\n<link rel=\"canonical\" href=\"https:\/\/aceitesmioleum.com\/en\/product\/tableta-mioleum-de-chocolate-artesano-relleno-de-crema-de-fresa-y-con-aove\/\" \/>\n<meta property=\"og:locale\" content=\"en_GB\" \/>\n<meta property=\"og:type\" content=\"article\" \/>\n<meta property=\"og:title\" content=\"Tableta Mi\u00f3leum de Chocolate artesano relleno de crema de fresa y con AOVE - Aceites Mioleum\" \/>\n<meta property=\"og:description\" content=\"Maridaje cl\u00e1sico donde los haya. Partiendo como siempre de nuestro chocolate negro con AOVE y una de nuestras cremas estrella, la de fresa, hecha a mano, con fresas naturales seleccionadas y acompa\u00f1adas por un excepcional aceite de oliva virgen extra, creamos esta tableta con coraz\u00f3n de fresa, siendo uno de los maridajes m\u00e1s exquisitos que existen.\" \/>\n<meta property=\"og:url\" content=\"https:\/\/aceitesmioleum.com\/en\/product\/tableta-mioleum-de-chocolate-artesano-relleno-de-crema-de-fresa-y-con-aove\/\" \/>\n<meta property=\"og:site_name\" content=\"Aceites Mioleum\" \/>\n<meta property=\"article:modified_time\" content=\"2025-12-06T20:30:21+00:00\" \/>\n<meta property=\"og:image\" content=\"https:\/\/aceitesmioleum.com\/wp-content\/uploads\/2023\/11\/IMG_4592.jpg\" \/>\n\t<meta property=\"og:image:width\" content=\"1598\" \/>\n\t<meta property=\"og:image:height\" content=\"2171\" \/>\n\t<meta property=\"og:image:type\" content=\"image\/jpeg\" \/>\n<meta name=\"twitter:card\" content=\"summary_large_image\" \/>\n<meta name=\"twitter:label1\" content=\"Estimated reading time\" \/>\n\t<meta name=\"twitter:data1\" content=\"1 minute\" \/>\n<script type=\"application\/ld+json\" class=\"yoast-schema-graph\">{\"@context\":\"https:\\\/\\\/schema.org\",\"@graph\":[{\"@type\":\"WebPage\",\"@id\":\"https:\\\/\\\/aceitesmioleum.com\\\/producto\\\/tableta-mioleum-de-chocolate-artesano-relleno-de-crema-de-fresa-y-con-aove\\\/\",\"url\":\"https:\\\/\\\/aceitesmioleum.com\\\/producto\\\/tableta-mioleum-de-chocolate-artesano-relleno-de-crema-de-fresa-y-con-aove\\\/\",\"name\":\"Tableta Mi\u00f3leum de Chocolate artesano relleno de crema de fresa y con AOVE - Aceites Mioleum\",\"isPartOf\":{\"@id\":\"https:\\\/\\\/aceitesmioleum.com\\\/#website\"},\"primaryImageOfPage\":{\"@id\":\"https:\\\/\\\/aceitesmioleum.com\\\/producto\\\/tableta-mioleum-de-chocolate-artesano-relleno-de-crema-de-fresa-y-con-aove\\\/#primaryimage\"},\"image\":{\"@id\":\"https:\\\/\\\/aceitesmioleum.com\\\/producto\\\/tableta-mioleum-de-chocolate-artesano-relleno-de-crema-de-fresa-y-con-aove\\\/#primaryimage\"},\"thumbnailUrl\":\"https:\\\/\\\/aceitesmioleum.com\\\/wp-content\\\/uploads\\\/2023\\\/11\\\/IMG_4592.jpg\",\"datePublished\":\"2023-11-06T19:25:49+00:00\",\"dateModified\":\"2025-12-06T20:30:21+00:00\",\"breadcrumb\":{\"@id\":\"https:\\\/\\\/aceitesmioleum.com\\\/producto\\\/tableta-mioleum-de-chocolate-artesano-relleno-de-crema-de-fresa-y-con-aove\\\/#breadcrumb\"},\"inLanguage\":\"en-GB\",\"potentialAction\":[{\"@type\":\"ReadAction\",\"target\":[\"https:\\\/\\\/aceitesmioleum.com\\\/producto\\\/tableta-mioleum-de-chocolate-artesano-relleno-de-crema-de-fresa-y-con-aove\\\/\"]}]},{\"@type\":\"ImageObject\",\"inLanguage\":\"en-GB\",\"@id\":\"https:\\\/\\\/aceitesmioleum.com\\\/producto\\\/tableta-mioleum-de-chocolate-artesano-relleno-de-crema-de-fresa-y-con-aove\\\/#primaryimage\",\"url\":\"https:\\\/\\\/aceitesmioleum.com\\\/wp-content\\\/uploads\\\/2023\\\/11\\\/IMG_4592.jpg\",\"contentUrl\":\"https:\\\/\\\/aceitesmioleum.com\\\/wp-content\\\/uploads\\\/2023\\\/11\\\/IMG_4592.jpg\",\"width\":1598,\"height\":2171},{\"@type\":\"BreadcrumbList\",\"@id\":\"https:\\\/\\\/aceitesmioleum.com\\\/producto\\\/tableta-mioleum-de-chocolate-artesano-relleno-de-crema-de-fresa-y-con-aove\\\/#breadcrumb\",\"itemListElement\":[{\"@type\":\"ListItem\",\"position\":1,\"name\":\"Portada\",\"item\":\"https:\\\/\\\/aceitesmioleum.com\\\/\"},{\"@type\":\"ListItem\",\"position\":2,\"name\":\"Tienda\",\"item\":\"https:\\\/\\\/aceitesmioleum.com\\\/tienda\\\/\"},{\"@type\":\"ListItem\",\"position\":3,\"name\":\"Tableta Mi\u00f3leum de Chocolate artesano relleno de crema de fresa y con AOVE\"}]},{\"@type\":\"WebSite\",\"@id\":\"https:\\\/\\\/aceitesmioleum.com\\\/#website\",\"url\":\"https:\\\/\\\/aceitesmioleum.com\\\/\",\"name\":\"Aceites Mioleum\",\"description\":\"Aceites Mioleum\",\"publisher\":{\"@id\":\"https:\\\/\\\/aceitesmioleum.com\\\/#organization\"},\"potentialAction\":[{\"@type\":\"SearchAction\",\"target\":{\"@type\":\"EntryPoint\",\"urlTemplate\":\"https:\\\/\\\/aceitesmioleum.com\\\/?s={search_term_string}\"},\"query-input\":{\"@type\":\"PropertyValueSpecification\",\"valueRequired\":true,\"valueName\":\"search_term_string\"}}],\"inLanguage\":\"en-GB\"},{\"@type\":\"Organization\",\"@id\":\"https:\\\/\\\/aceitesmioleum.com\\\/#organization\",\"name\":\"Aceites Mioleum\",\"url\":\"https:\\\/\\\/aceitesmioleum.com\\\/\",\"logo\":{\"@type\":\"ImageObject\",\"inLanguage\":\"en-GB\",\"@id\":\"https:\\\/\\\/aceitesmioleum.com\\\/#\\\/schema\\\/logo\\\/image\\\/\",\"url\":\"https:\\\/\\\/aceitesmioleum.com\\\/wp-content\\\/uploads\\\/2021\\\/10\\\/logo-e1635103494703.png\",\"contentUrl\":\"https:\\\/\\\/aceitesmioleum.com\\\/wp-content\\\/uploads\\\/2021\\\/10\\\/logo-e1635103494703.png\",\"width\":232,\"height\":150,\"caption\":\"Aceites Mioleum\"},\"image\":{\"@id\":\"https:\\\/\\\/aceitesmioleum.com\\\/#\\\/schema\\\/logo\\\/image\\\/\"}}]}<\/script>\n<!-- \/ Yoast SEO plugin. -->","yoast_head_json":{"title":"Tableta Mi\u00f3leum de Chocolate artesano relleno de crema de fresa y con AOVE - Aceites Mioleum","robots":{"index":"index","follow":"follow","max-snippet":"max-snippet:-1","max-image-preview":"max-image-preview:large","max-video-preview":"max-video-preview:-1"},"canonical":"https:\/\/aceitesmioleum.com\/en\/product\/tableta-mioleum-de-chocolate-artesano-relleno-de-crema-de-fresa-y-con-aove\/","og_locale":"en_GB","og_type":"article","og_title":"Tableta Mi\u00f3leum de Chocolate artesano relleno de crema de fresa y con AOVE - Aceites Mioleum","og_description":"Maridaje cl\u00e1sico donde los haya. Partiendo como siempre de nuestro chocolate negro con AOVE y una de nuestras cremas estrella, la de fresa, hecha a mano, con fresas naturales seleccionadas y acompa\u00f1adas por un excepcional aceite de oliva virgen extra, creamos esta tableta con coraz\u00f3n de fresa, siendo uno de los maridajes m\u00e1s exquisitos que existen.","og_url":"https:\/\/aceitesmioleum.com\/en\/product\/tableta-mioleum-de-chocolate-artesano-relleno-de-crema-de-fresa-y-con-aove\/","og_site_name":"Aceites Mioleum","article_modified_time":"2025-12-06T20:30:21+00:00","og_image":[{"width":1598,"height":2171,"url":"https:\/\/aceitesmioleum.com\/wp-content\/uploads\/2023\/11\/IMG_4592.jpg","type":"image\/jpeg"}],"twitter_card":"summary_large_image","twitter_misc":{"Estimated reading time":"1 minute"},"schema":{"@context":"https:\/\/schema.org","@graph":[{"@type":"WebPage","@id":"https:\/\/aceitesmioleum.com\/producto\/tableta-mioleum-de-chocolate-artesano-relleno-de-crema-de-fresa-y-con-aove\/","url":"https:\/\/aceitesmioleum.com\/producto\/tableta-mioleum-de-chocolate-artesano-relleno-de-crema-de-fresa-y-con-aove\/","name":"Tableta Mi\u00f3leum de Chocolate artesano relleno de crema de fresa y con AOVE - Aceites Mioleum","isPartOf":{"@id":"https:\/\/aceitesmioleum.com\/#website"},"primaryImageOfPage":{"@id":"https:\/\/aceitesmioleum.com\/producto\/tableta-mioleum-de-chocolate-artesano-relleno-de-crema-de-fresa-y-con-aove\/#primaryimage"},"image":{"@id":"https:\/\/aceitesmioleum.com\/producto\/tableta-mioleum-de-chocolate-artesano-relleno-de-crema-de-fresa-y-con-aove\/#primaryimage"},"thumbnailUrl":"https:\/\/aceitesmioleum.com\/wp-content\/uploads\/2023\/11\/IMG_4592.jpg","datePublished":"2023-11-06T19:25:49+00:00","dateModified":"2025-12-06T20:30:21+00:00","breadcrumb":{"@id":"https:\/\/aceitesmioleum.com\/producto\/tableta-mioleum-de-chocolate-artesano-relleno-de-crema-de-fresa-y-con-aove\/#breadcrumb"},"inLanguage":"en-GB","potentialAction":[{"@type":"ReadAction","target":["https:\/\/aceitesmioleum.com\/producto\/tableta-mioleum-de-chocolate-artesano-relleno-de-crema-de-fresa-y-con-aove\/"]}]},{"@type":"ImageObject","inLanguage":"en-GB","@id":"https:\/\/aceitesmioleum.com\/producto\/tableta-mioleum-de-chocolate-artesano-relleno-de-crema-de-fresa-y-con-aove\/#primaryimage","url":"https:\/\/aceitesmioleum.com\/wp-content\/uploads\/2023\/11\/IMG_4592.jpg","contentUrl":"https:\/\/aceitesmioleum.com\/wp-content\/uploads\/2023\/11\/IMG_4592.jpg","width":1598,"height":2171},{"@type":"BreadcrumbList","@id":"https:\/\/aceitesmioleum.com\/producto\/tableta-mioleum-de-chocolate-artesano-relleno-de-crema-de-fresa-y-con-aove\/#breadcrumb","itemListElement":[{"@type":"ListItem","position":1,"name":"Portada","item":"https:\/\/aceitesmioleum.com\/"},{"@type":"ListItem","position":2,"name":"Tienda","item":"https:\/\/aceitesmioleum.com\/tienda\/"},{"@type":"ListItem","position":3,"name":"Tableta Mi\u00f3leum de Chocolate artesano relleno de crema de fresa y con AOVE"}]},{"@type":"WebSite","@id":"https:\/\/aceitesmioleum.com\/#website","url":"https:\/\/aceitesmioleum.com\/","name":"Aceites Mioleum","description":"Aceites Mioleum","publisher":{"@id":"https:\/\/aceitesmioleum.com\/#organization"},"potentialAction":[{"@type":"SearchAction","target":{"@type":"EntryPoint","urlTemplate":"https:\/\/aceitesmioleum.com\/?s={search_term_string}"},"query-input":{"@type":"PropertyValueSpecification","valueRequired":true,"valueName":"search_term_string"}}],"inLanguage":"en-GB"},{"@type":"Organization","@id":"https:\/\/aceitesmioleum.com\/#organization","name":"Aceites Mioleum","url":"https:\/\/aceitesmioleum.com\/","logo":{"@type":"ImageObject","inLanguage":"en-GB","@id":"https:\/\/aceitesmioleum.com\/#\/schema\/logo\/image\/","url":"https:\/\/aceitesmioleum.com\/wp-content\/uploads\/2021\/10\/logo-e1635103494703.png","contentUrl":"https:\/\/aceitesmioleum.com\/wp-content\/uploads\/2021\/10\/logo-e1635103494703.png","width":232,"height":150,"caption":"Aceites Mioleum"},"image":{"@id":"https:\/\/aceitesmioleum.com\/#\/schema\/logo\/image\/"}}]}},"_links":{"self":[{"href":"https:\/\/aceitesmioleum.com\/en\/wp-json\/wp\/v2\/product\/755","targetHints":{"allow":["GET"]}}],"collection":[{"href":"https:\/\/aceitesmioleum.com\/en\/wp-json\/wp\/v2\/product"}],"about":[{"href":"https:\/\/aceitesmioleum.com\/en\/wp-json\/wp\/v2\/types\/product"}],"replies":[{"embeddable":true,"href":"https:\/\/aceitesmioleum.com\/en\/wp-json\/wp\/v2\/comments?post=755"}],"wp:featuredmedia":[{"embeddable":true,"href":"https:\/\/aceitesmioleum.com\/en\/wp-json\/wp\/v2\/media\/763"}],"wp:attachment":[{"href":"https:\/\/aceitesmioleum.com\/en\/wp-json\/wp\/v2\/media?parent=755"}],"wp:term":[{"taxonomy":"product_brand","embeddable":true,"href":"https:\/\/aceitesmioleum.com\/en\/wp-json\/wp\/v2\/product_brand?post=755"},{"taxonomy":"product_cat","embeddable":true,"href":"https:\/\/aceitesmioleum.com\/en\/wp-json\/wp\/v2\/product_cat?post=755"},{"taxonomy":"product_tag","embeddable":true,"href":"https:\/\/aceitesmioleum.com\/en\/wp-json\/wp\/v2\/product_tag?post=755"}],"curies":[{"name":"wp","href":"https:\/\/api.w.org\/{rel}","templated":true}]}}