{"id":494,"date":"2023-04-18T09:42:41","date_gmt":"2023-04-18T08:42:41","guid":{"rendered":"https:\/\/aceitesmioleum.com\/?post_type=product&#038;p=494"},"modified":"2025-12-06T21:32:35","modified_gmt":"2025-12-06T20:32:35","slug":"tableta-mioleum-chocolate-artesano-platano-aove","status":"publish","type":"product","link":"https:\/\/aceitesmioleum.com\/en\/product\/tableta-mioleum-chocolate-artesano-platano-aove\/","title":{"rendered":"Mi\u00f3leum Artisan chocolate bar with banana and EVOO"},"content":{"rendered":"<p><strong>Presentation<\/strong>: Tableta de chocolate de 105 gr<\/p>\n<p><strong>Features<\/strong>: We try to achieve with this bar a clear banana flavour without forgetting that the main element is chocolate. With dehydrated banana of the best quality and our dark chocolate with extra virgin olive oil we give shape to this elaboration of soft texture.<\/p>\n<p>Gluten-free product.<\/p>\n<p><strong>Ingredients<\/strong>:<\/p>\n<ul>\n<li>Cocoa paste<\/li>\n<li>Sugar<\/li>\n<li>Banana<\/li>\n<li>Cocoa butter<\/li>\n<li>Extra Virgin Olive Oil (minimum 5%)<\/li>\n<li>Emulsifier: soy lecithin<\/li>\n<li>Natural vanilla flavouring<\/li>\n<li>Minimum cocoa: 65%.<\/li>\n<\/ul>\n<p><strong>Allergens<\/strong>:<\/p>\n<ul>\n<li>Gluten-free<\/li>\n<li>Contains soy<\/li>\n<li>May contain traces of milk or nuts.<\/li>\n<\/ul>","protected":false},"excerpt":{"rendered":"<p>We try to achieve a clear banana flavour with this bar without forgetting that the main element is chocolate. We use the best quality dehydrated banana and our dark chocolate with extra virgin olive oil to create this smooth textured product. Gluten free product.<\/p>","protected":false},"featured_media":497,"comment_status":"open","ping_status":"closed","template":"","meta":[],"product_brand":[],"product_cat":[37],"product_tag":[],"class_list":{"0":"post-494","1":"product","2":"type-product","3":"status-publish","4":"has-post-thumbnail","6":"product_cat-chocolates","8":"first","9":"instock","10":"shipping-taxable","11":"purchasable","12":"product-type-variable"},"yoast_head":"<!-- This site is optimized with the Yoast SEO plugin v27.3 - https:\/\/yoast.com\/product\/yoast-seo-wordpress\/ -->\n<title>Tableta Mi\u00f3leum de Chocolate artesano con Pl\u00e1tano y AOVE - Aceites Mioleum<\/title>\n<meta name=\"robots\" content=\"index, follow, max-snippet:-1, max-image-preview:large, max-video-preview:-1\" \/>\n<link rel=\"canonical\" href=\"https:\/\/aceitesmioleum.com\/en\/product\/tableta-mioleum-chocolate-artesano-platano-aove\/\" \/>\n<meta property=\"og:locale\" content=\"en_GB\" \/>\n<meta property=\"og:type\" content=\"article\" \/>\n<meta property=\"og:title\" content=\"Tableta Mi\u00f3leum de Chocolate artesano con Pl\u00e1tano y AOVE - Aceites Mioleum\" \/>\n<meta property=\"og:description\" content=\"Intentamos conseguir con esta tableta un claro sabor a pl\u00e1tano sin olvidar que el elemento principal es el chocolate. Con pl\u00e1tano deshidratado de la mejor calidad y nuestro chocolate negro con aceite de oliva virgen extra damos forma a esta elaboraci\u00f3n de textura suave. Producto sin gluten.\" \/>\n<meta property=\"og:url\" content=\"https:\/\/aceitesmioleum.com\/en\/product\/tableta-mioleum-chocolate-artesano-platano-aove\/\" \/>\n<meta property=\"og:site_name\" content=\"Aceites Mioleum\" \/>\n<meta property=\"article:modified_time\" content=\"2025-12-06T20:32:35+00:00\" \/>\n<meta property=\"og:image\" content=\"https:\/\/aceitesmioleum.com\/wp-content\/uploads\/2023\/04\/tableta-mioleum-chocolate-artesano-platano-aove.jpg\" \/>\n\t<meta property=\"og:image:width\" content=\"906\" \/>\n\t<meta property=\"og:image:height\" content=\"906\" \/>\n\t<meta property=\"og:image:type\" content=\"image\/jpeg\" \/>\n<meta name=\"twitter:card\" content=\"summary_large_image\" \/>\n<meta name=\"twitter:label1\" content=\"Estimated reading time\" \/>\n\t<meta name=\"twitter:data1\" content=\"1 minute\" \/>\n<script type=\"application\/ld+json\" class=\"yoast-schema-graph\">{\"@context\":\"https:\\\/\\\/schema.org\",\"@graph\":[{\"@type\":\"WebPage\",\"@id\":\"https:\\\/\\\/aceitesmioleum.com\\\/producto\\\/tableta-mioleum-chocolate-artesano-platano-aove\\\/\",\"url\":\"https:\\\/\\\/aceitesmioleum.com\\\/producto\\\/tableta-mioleum-chocolate-artesano-platano-aove\\\/\",\"name\":\"Tableta Mi\u00f3leum de Chocolate artesano con Pl\u00e1tano y AOVE - Aceites Mioleum\",\"isPartOf\":{\"@id\":\"https:\\\/\\\/aceitesmioleum.com\\\/#website\"},\"primaryImageOfPage\":{\"@id\":\"https:\\\/\\\/aceitesmioleum.com\\\/producto\\\/tableta-mioleum-chocolate-artesano-platano-aove\\\/#primaryimage\"},\"image\":{\"@id\":\"https:\\\/\\\/aceitesmioleum.com\\\/producto\\\/tableta-mioleum-chocolate-artesano-platano-aove\\\/#primaryimage\"},\"thumbnailUrl\":\"https:\\\/\\\/aceitesmioleum.com\\\/wp-content\\\/uploads\\\/2023\\\/04\\\/tableta-mioleum-chocolate-artesano-platano-aove.jpg\",\"datePublished\":\"2023-04-18T08:42:41+00:00\",\"dateModified\":\"2025-12-06T20:32:35+00:00\",\"breadcrumb\":{\"@id\":\"https:\\\/\\\/aceitesmioleum.com\\\/producto\\\/tableta-mioleum-chocolate-artesano-platano-aove\\\/#breadcrumb\"},\"inLanguage\":\"en-GB\",\"potentialAction\":[{\"@type\":\"ReadAction\",\"target\":[\"https:\\\/\\\/aceitesmioleum.com\\\/producto\\\/tableta-mioleum-chocolate-artesano-platano-aove\\\/\"]}]},{\"@type\":\"ImageObject\",\"inLanguage\":\"en-GB\",\"@id\":\"https:\\\/\\\/aceitesmioleum.com\\\/producto\\\/tableta-mioleum-chocolate-artesano-platano-aove\\\/#primaryimage\",\"url\":\"https:\\\/\\\/aceitesmioleum.com\\\/wp-content\\\/uploads\\\/2023\\\/04\\\/tableta-mioleum-chocolate-artesano-platano-aove.jpg\",\"contentUrl\":\"https:\\\/\\\/aceitesmioleum.com\\\/wp-content\\\/uploads\\\/2023\\\/04\\\/tableta-mioleum-chocolate-artesano-platano-aove.jpg\",\"width\":906,\"height\":906,\"caption\":\"Tableta Mioleum de chocolate artesano con Pl\u00e1tano y AOVE\"},{\"@type\":\"BreadcrumbList\",\"@id\":\"https:\\\/\\\/aceitesmioleum.com\\\/producto\\\/tableta-mioleum-chocolate-artesano-platano-aove\\\/#breadcrumb\",\"itemListElement\":[{\"@type\":\"ListItem\",\"position\":1,\"name\":\"Portada\",\"item\":\"https:\\\/\\\/aceitesmioleum.com\\\/\"},{\"@type\":\"ListItem\",\"position\":2,\"name\":\"Tienda\",\"item\":\"https:\\\/\\\/aceitesmioleum.com\\\/tienda\\\/\"},{\"@type\":\"ListItem\",\"position\":3,\"name\":\"Tableta Mi\u00f3leum de Chocolate artesano con Pl\u00e1tano y AOVE\"}]},{\"@type\":\"WebSite\",\"@id\":\"https:\\\/\\\/aceitesmioleum.com\\\/#website\",\"url\":\"https:\\\/\\\/aceitesmioleum.com\\\/\",\"name\":\"Aceites Mioleum\",\"description\":\"Aceites Mioleum\",\"publisher\":{\"@id\":\"https:\\\/\\\/aceitesmioleum.com\\\/#organization\"},\"potentialAction\":[{\"@type\":\"SearchAction\",\"target\":{\"@type\":\"EntryPoint\",\"urlTemplate\":\"https:\\\/\\\/aceitesmioleum.com\\\/?s={search_term_string}\"},\"query-input\":{\"@type\":\"PropertyValueSpecification\",\"valueRequired\":true,\"valueName\":\"search_term_string\"}}],\"inLanguage\":\"en-GB\"},{\"@type\":\"Organization\",\"@id\":\"https:\\\/\\\/aceitesmioleum.com\\\/#organization\",\"name\":\"Aceites Mioleum\",\"url\":\"https:\\\/\\\/aceitesmioleum.com\\\/\",\"logo\":{\"@type\":\"ImageObject\",\"inLanguage\":\"en-GB\",\"@id\":\"https:\\\/\\\/aceitesmioleum.com\\\/#\\\/schema\\\/logo\\\/image\\\/\",\"url\":\"https:\\\/\\\/aceitesmioleum.com\\\/wp-content\\\/uploads\\\/2021\\\/10\\\/logo-e1635103494703.png\",\"contentUrl\":\"https:\\\/\\\/aceitesmioleum.com\\\/wp-content\\\/uploads\\\/2021\\\/10\\\/logo-e1635103494703.png\",\"width\":232,\"height\":150,\"caption\":\"Aceites Mioleum\"},\"image\":{\"@id\":\"https:\\\/\\\/aceitesmioleum.com\\\/#\\\/schema\\\/logo\\\/image\\\/\"}}]}<\/script>\n<!-- \/ Yoast SEO plugin. -->","yoast_head_json":{"title":"Tableta Mi\u00f3leum de Chocolate artesano con Pl\u00e1tano y AOVE - Aceites Mioleum","robots":{"index":"index","follow":"follow","max-snippet":"max-snippet:-1","max-image-preview":"max-image-preview:large","max-video-preview":"max-video-preview:-1"},"canonical":"https:\/\/aceitesmioleum.com\/en\/product\/tableta-mioleum-chocolate-artesano-platano-aove\/","og_locale":"en_GB","og_type":"article","og_title":"Tableta Mi\u00f3leum de Chocolate artesano con Pl\u00e1tano y AOVE - Aceites Mioleum","og_description":"Intentamos conseguir con esta tableta un claro sabor a pl\u00e1tano sin olvidar que el elemento principal es el chocolate. Con pl\u00e1tano deshidratado de la mejor calidad y nuestro chocolate negro con aceite de oliva virgen extra damos forma a esta elaboraci\u00f3n de textura suave. Producto sin gluten.","og_url":"https:\/\/aceitesmioleum.com\/en\/product\/tableta-mioleum-chocolate-artesano-platano-aove\/","og_site_name":"Aceites Mioleum","article_modified_time":"2025-12-06T20:32:35+00:00","og_image":[{"width":906,"height":906,"url":"https:\/\/aceitesmioleum.com\/wp-content\/uploads\/2023\/04\/tableta-mioleum-chocolate-artesano-platano-aove.jpg","type":"image\/jpeg"}],"twitter_card":"summary_large_image","twitter_misc":{"Estimated reading time":"1 minute"},"schema":{"@context":"https:\/\/schema.org","@graph":[{"@type":"WebPage","@id":"https:\/\/aceitesmioleum.com\/producto\/tableta-mioleum-chocolate-artesano-platano-aove\/","url":"https:\/\/aceitesmioleum.com\/producto\/tableta-mioleum-chocolate-artesano-platano-aove\/","name":"Tableta Mi\u00f3leum de Chocolate artesano con Pl\u00e1tano y AOVE - Aceites Mioleum","isPartOf":{"@id":"https:\/\/aceitesmioleum.com\/#website"},"primaryImageOfPage":{"@id":"https:\/\/aceitesmioleum.com\/producto\/tableta-mioleum-chocolate-artesano-platano-aove\/#primaryimage"},"image":{"@id":"https:\/\/aceitesmioleum.com\/producto\/tableta-mioleum-chocolate-artesano-platano-aove\/#primaryimage"},"thumbnailUrl":"https:\/\/aceitesmioleum.com\/wp-content\/uploads\/2023\/04\/tableta-mioleum-chocolate-artesano-platano-aove.jpg","datePublished":"2023-04-18T08:42:41+00:00","dateModified":"2025-12-06T20:32:35+00:00","breadcrumb":{"@id":"https:\/\/aceitesmioleum.com\/producto\/tableta-mioleum-chocolate-artesano-platano-aove\/#breadcrumb"},"inLanguage":"en-GB","potentialAction":[{"@type":"ReadAction","target":["https:\/\/aceitesmioleum.com\/producto\/tableta-mioleum-chocolate-artesano-platano-aove\/"]}]},{"@type":"ImageObject","inLanguage":"en-GB","@id":"https:\/\/aceitesmioleum.com\/producto\/tableta-mioleum-chocolate-artesano-platano-aove\/#primaryimage","url":"https:\/\/aceitesmioleum.com\/wp-content\/uploads\/2023\/04\/tableta-mioleum-chocolate-artesano-platano-aove.jpg","contentUrl":"https:\/\/aceitesmioleum.com\/wp-content\/uploads\/2023\/04\/tableta-mioleum-chocolate-artesano-platano-aove.jpg","width":906,"height":906,"caption":"Tableta Mioleum de chocolate artesano con Pl\u00e1tano y AOVE"},{"@type":"BreadcrumbList","@id":"https:\/\/aceitesmioleum.com\/producto\/tableta-mioleum-chocolate-artesano-platano-aove\/#breadcrumb","itemListElement":[{"@type":"ListItem","position":1,"name":"Portada","item":"https:\/\/aceitesmioleum.com\/"},{"@type":"ListItem","position":2,"name":"Tienda","item":"https:\/\/aceitesmioleum.com\/tienda\/"},{"@type":"ListItem","position":3,"name":"Tableta Mi\u00f3leum de Chocolate artesano con Pl\u00e1tano y AOVE"}]},{"@type":"WebSite","@id":"https:\/\/aceitesmioleum.com\/#website","url":"https:\/\/aceitesmioleum.com\/","name":"Aceites Mioleum","description":"Aceites Mioleum","publisher":{"@id":"https:\/\/aceitesmioleum.com\/#organization"},"potentialAction":[{"@type":"SearchAction","target":{"@type":"EntryPoint","urlTemplate":"https:\/\/aceitesmioleum.com\/?s={search_term_string}"},"query-input":{"@type":"PropertyValueSpecification","valueRequired":true,"valueName":"search_term_string"}}],"inLanguage":"en-GB"},{"@type":"Organization","@id":"https:\/\/aceitesmioleum.com\/#organization","name":"Aceites Mioleum","url":"https:\/\/aceitesmioleum.com\/","logo":{"@type":"ImageObject","inLanguage":"en-GB","@id":"https:\/\/aceitesmioleum.com\/#\/schema\/logo\/image\/","url":"https:\/\/aceitesmioleum.com\/wp-content\/uploads\/2021\/10\/logo-e1635103494703.png","contentUrl":"https:\/\/aceitesmioleum.com\/wp-content\/uploads\/2021\/10\/logo-e1635103494703.png","width":232,"height":150,"caption":"Aceites Mioleum"},"image":{"@id":"https:\/\/aceitesmioleum.com\/#\/schema\/logo\/image\/"}}]}},"_links":{"self":[{"href":"https:\/\/aceitesmioleum.com\/en\/wp-json\/wp\/v2\/product\/494","targetHints":{"allow":["GET"]}}],"collection":[{"href":"https:\/\/aceitesmioleum.com\/en\/wp-json\/wp\/v2\/product"}],"about":[{"href":"https:\/\/aceitesmioleum.com\/en\/wp-json\/wp\/v2\/types\/product"}],"replies":[{"embeddable":true,"href":"https:\/\/aceitesmioleum.com\/en\/wp-json\/wp\/v2\/comments?post=494"}],"wp:featuredmedia":[{"embeddable":true,"href":"https:\/\/aceitesmioleum.com\/en\/wp-json\/wp\/v2\/media\/497"}],"wp:attachment":[{"href":"https:\/\/aceitesmioleum.com\/en\/wp-json\/wp\/v2\/media?parent=494"}],"wp:term":[{"taxonomy":"product_brand","embeddable":true,"href":"https:\/\/aceitesmioleum.com\/en\/wp-json\/wp\/v2\/product_brand?post=494"},{"taxonomy":"product_cat","embeddable":true,"href":"https:\/\/aceitesmioleum.com\/en\/wp-json\/wp\/v2\/product_cat?post=494"},{"taxonomy":"product_tag","embeddable":true,"href":"https:\/\/aceitesmioleum.com\/en\/wp-json\/wp\/v2\/product_tag?post=494"}],"curies":[{"name":"wp","href":"https:\/\/api.w.org\/{rel}","templated":true}]}}