{"id":267,"date":"2023-01-10T04:38:33","date_gmt":"2023-01-10T03:38:33","guid":{"rendered":"https:\/\/aceitesmioleum.com\/?post_type=product&#038;p=267"},"modified":"2025-12-06T21:33:57","modified_gmt":"2025-12-06T20:33:57","slug":"tableta-mioleum-de-chocolate-artesano-relleno-de-crema-de-menta-y-con-aove","status":"publish","type":"product","link":"https:\/\/aceitesmioleum.com\/en\/product\/tableta-mioleum-de-chocolate-artesano-relleno-de-crema-de-menta-y-con-aove\/","title":{"rendered":"Mi\u00f3leum artisan chocolate bar filled with mint cream and EVOO"},"content":{"rendered":"<p><strong>Presentation<\/strong>: Tableta de chocolate de 105 gr<\/p>\n<p><strong>Features<\/strong>: Another one of our bars with homemade fillings is this one with mint, in which you can find inside our dark chocolate bar with extra virgin olive oil an exquisite cream with a soft and delicate mint flavour. Gluten-free product.<\/p>\n<p><strong>Ingredients<\/strong>:<\/p>\n<ul>\n<li>Cocoa paste<\/li>\n<li>Cocoa butter<\/li>\n<li>Sugar<\/li>\n<li>Emulsifier: soy lecithin<\/li>\n<li>Natural vanilla flavouring<\/li>\n<li>Minimum cocoa: 65%.<\/li>\n<li>Extra Virgin Olive Oil (minimum 5%)<\/li>\n<li>Filling:\n<ul>\n<li>Milk<\/li>\n<li>Sugar<\/li>\n<li>Cocoa butter<\/li>\n<li>Extra Virgin Olive Oil (minimum 6%)<\/li>\n<li>Peppermint (glucose syrup, sugar, water, vegetable extract)<br \/>\nsafflower, modified starch and food colouring agent<br \/>\nbright blue)<\/li>\n<li>Anhydrous milk fat<\/li>\n<li>Emulsifier: Soy lecithin<\/li>\n<li>Natural vanilla flavouring<\/li>\n<\/ul>\n<\/li>\n<\/ul>\n<p><strong>Allergens<\/strong>:<\/p>\n<ul>\n<li>Gluten-free<\/li>\n<li>Contains soy and milk<\/li>\n<li>May contain traces of nuts<\/li>\n<\/ul>","protected":false},"excerpt":{"rendered":"<p>Another one of our bars with homemade fillings is this one with mint, in which you can find inside our dark chocolate bar with extra virgin olive oil an exquisite cream with a soft and delicate mint flavour. Gluten-free product.<\/p>","protected":false},"featured_media":482,"comment_status":"open","ping_status":"closed","template":"","meta":[],"product_brand":[],"product_cat":[37],"product_tag":[],"class_list":{"0":"post-267","1":"product","2":"type-product","3":"status-publish","4":"has-post-thumbnail","6":"product_cat-chocolates","8":"first","9":"instock","10":"shipping-taxable","11":"purchasable","12":"product-type-variable"},"yoast_head":"<!-- This site is optimized with the Yoast SEO plugin v27.4 - https:\/\/yoast.com\/product\/yoast-seo-wordpress\/ -->\n<title>Tableta Mi\u00f3leum de Chocolate artesano relleno de crema de menta y con AOVE - Aceites Mioleum<\/title>\n<meta name=\"robots\" content=\"index, follow, max-snippet:-1, max-image-preview:large, max-video-preview:-1\" \/>\n<link rel=\"canonical\" href=\"https:\/\/aceitesmioleum.com\/en\/product\/tableta-mioleum-de-chocolate-artesano-relleno-de-crema-de-menta-y-con-aove\/\" \/>\n<meta property=\"og:locale\" content=\"en_GB\" \/>\n<meta property=\"og:type\" content=\"article\" \/>\n<meta property=\"og:title\" content=\"Tableta Mi\u00f3leum de Chocolate artesano relleno de crema de menta y con AOVE - Aceites Mioleum\" \/>\n<meta property=\"og:description\" content=\"Otra de nuestras tabletas con rellenos tambi\u00e9n artesanales es \u00e9sta de menta, en la que podr\u00e1 encontrar dentro de nuestra tableta de chocolate negro con aceite de oliva virgen extra una crema exquisita con un suave y delicado sabor a menta. Producto sin gluten.\" \/>\n<meta property=\"og:url\" content=\"https:\/\/aceitesmioleum.com\/en\/product\/tableta-mioleum-de-chocolate-artesano-relleno-de-crema-de-menta-y-con-aove\/\" \/>\n<meta property=\"og:site_name\" content=\"Aceites Mioleum\" \/>\n<meta property=\"article:modified_time\" content=\"2025-12-06T20:33:57+00:00\" \/>\n<meta property=\"og:image\" content=\"https:\/\/aceitesmioleum.com\/wp-content\/uploads\/2023\/01\/tableta-mioleum-de-chocolate-artesano-relleno-de-crema-de-menta-y-aove-1.jpg\" \/>\n\t<meta property=\"og:image:width\" content=\"906\" \/>\n\t<meta property=\"og:image:height\" content=\"906\" \/>\n\t<meta property=\"og:image:type\" content=\"image\/jpeg\" \/>\n<meta name=\"twitter:card\" content=\"summary_large_image\" \/>\n<meta name=\"twitter:label1\" content=\"Estimated reading time\" \/>\n\t<meta name=\"twitter:data1\" content=\"1 minute\" \/>\n<script type=\"application\/ld+json\" class=\"yoast-schema-graph\">{\"@context\":\"https:\\\/\\\/schema.org\",\"@graph\":[{\"@type\":\"WebPage\",\"@id\":\"https:\\\/\\\/aceitesmioleum.com\\\/producto\\\/tableta-mioleum-de-chocolate-artesano-relleno-de-crema-de-menta-y-con-aove\\\/\",\"url\":\"https:\\\/\\\/aceitesmioleum.com\\\/producto\\\/tableta-mioleum-de-chocolate-artesano-relleno-de-crema-de-menta-y-con-aove\\\/\",\"name\":\"Tableta Mi\u00f3leum de Chocolate artesano relleno de crema de menta y con AOVE - Aceites Mioleum\",\"isPartOf\":{\"@id\":\"https:\\\/\\\/aceitesmioleum.com\\\/#website\"},\"primaryImageOfPage\":{\"@id\":\"https:\\\/\\\/aceitesmioleum.com\\\/producto\\\/tableta-mioleum-de-chocolate-artesano-relleno-de-crema-de-menta-y-con-aove\\\/#primaryimage\"},\"image\":{\"@id\":\"https:\\\/\\\/aceitesmioleum.com\\\/producto\\\/tableta-mioleum-de-chocolate-artesano-relleno-de-crema-de-menta-y-con-aove\\\/#primaryimage\"},\"thumbnailUrl\":\"https:\\\/\\\/aceitesmioleum.com\\\/wp-content\\\/uploads\\\/2023\\\/01\\\/tableta-mioleum-de-chocolate-artesano-relleno-de-crema-de-menta-y-aove-1.jpg\",\"datePublished\":\"2023-01-10T03:38:33+00:00\",\"dateModified\":\"2025-12-06T20:33:57+00:00\",\"breadcrumb\":{\"@id\":\"https:\\\/\\\/aceitesmioleum.com\\\/producto\\\/tableta-mioleum-de-chocolate-artesano-relleno-de-crema-de-menta-y-con-aove\\\/#breadcrumb\"},\"inLanguage\":\"en-GB\",\"potentialAction\":[{\"@type\":\"ReadAction\",\"target\":[\"https:\\\/\\\/aceitesmioleum.com\\\/producto\\\/tableta-mioleum-de-chocolate-artesano-relleno-de-crema-de-menta-y-con-aove\\\/\"]}]},{\"@type\":\"ImageObject\",\"inLanguage\":\"en-GB\",\"@id\":\"https:\\\/\\\/aceitesmioleum.com\\\/producto\\\/tableta-mioleum-de-chocolate-artesano-relleno-de-crema-de-menta-y-con-aove\\\/#primaryimage\",\"url\":\"https:\\\/\\\/aceitesmioleum.com\\\/wp-content\\\/uploads\\\/2023\\\/01\\\/tableta-mioleum-de-chocolate-artesano-relleno-de-crema-de-menta-y-aove-1.jpg\",\"contentUrl\":\"https:\\\/\\\/aceitesmioleum.com\\\/wp-content\\\/uploads\\\/2023\\\/01\\\/tableta-mioleum-de-chocolate-artesano-relleno-de-crema-de-menta-y-aove-1.jpg\",\"width\":906,\"height\":906,\"caption\":\"Tableta Mioleum de chocolate artesano relleno de menta y AOVE\"},{\"@type\":\"BreadcrumbList\",\"@id\":\"https:\\\/\\\/aceitesmioleum.com\\\/producto\\\/tableta-mioleum-de-chocolate-artesano-relleno-de-crema-de-menta-y-con-aove\\\/#breadcrumb\",\"itemListElement\":[{\"@type\":\"ListItem\",\"position\":1,\"name\":\"Portada\",\"item\":\"https:\\\/\\\/aceitesmioleum.com\\\/\"},{\"@type\":\"ListItem\",\"position\":2,\"name\":\"Tienda\",\"item\":\"https:\\\/\\\/aceitesmioleum.com\\\/tienda\\\/\"},{\"@type\":\"ListItem\",\"position\":3,\"name\":\"Tableta Mi\u00f3leum de Chocolate artesano relleno de crema de menta y con AOVE\"}]},{\"@type\":\"WebSite\",\"@id\":\"https:\\\/\\\/aceitesmioleum.com\\\/#website\",\"url\":\"https:\\\/\\\/aceitesmioleum.com\\\/\",\"name\":\"Aceites Mioleum\",\"description\":\"Aceites Mioleum\",\"publisher\":{\"@id\":\"https:\\\/\\\/aceitesmioleum.com\\\/#organization\"},\"potentialAction\":[{\"@type\":\"SearchAction\",\"target\":{\"@type\":\"EntryPoint\",\"urlTemplate\":\"https:\\\/\\\/aceitesmioleum.com\\\/?s={search_term_string}\"},\"query-input\":{\"@type\":\"PropertyValueSpecification\",\"valueRequired\":true,\"valueName\":\"search_term_string\"}}],\"inLanguage\":\"en-GB\"},{\"@type\":\"Organization\",\"@id\":\"https:\\\/\\\/aceitesmioleum.com\\\/#organization\",\"name\":\"Aceites Mioleum\",\"url\":\"https:\\\/\\\/aceitesmioleum.com\\\/\",\"logo\":{\"@type\":\"ImageObject\",\"inLanguage\":\"en-GB\",\"@id\":\"https:\\\/\\\/aceitesmioleum.com\\\/#\\\/schema\\\/logo\\\/image\\\/\",\"url\":\"https:\\\/\\\/aceitesmioleum.com\\\/wp-content\\\/uploads\\\/2021\\\/10\\\/logo-e1635103494703.png\",\"contentUrl\":\"https:\\\/\\\/aceitesmioleum.com\\\/wp-content\\\/uploads\\\/2021\\\/10\\\/logo-e1635103494703.png\",\"width\":232,\"height\":150,\"caption\":\"Aceites Mioleum\"},\"image\":{\"@id\":\"https:\\\/\\\/aceitesmioleum.com\\\/#\\\/schema\\\/logo\\\/image\\\/\"}}]}<\/script>\n<!-- \/ Yoast SEO plugin. -->","yoast_head_json":{"title":"Tableta Mi\u00f3leum de Chocolate artesano relleno de crema de menta y con AOVE - Aceites Mioleum","robots":{"index":"index","follow":"follow","max-snippet":"max-snippet:-1","max-image-preview":"max-image-preview:large","max-video-preview":"max-video-preview:-1"},"canonical":"https:\/\/aceitesmioleum.com\/en\/product\/tableta-mioleum-de-chocolate-artesano-relleno-de-crema-de-menta-y-con-aove\/","og_locale":"en_GB","og_type":"article","og_title":"Tableta Mi\u00f3leum de Chocolate artesano relleno de crema de menta y con AOVE - Aceites Mioleum","og_description":"Otra de nuestras tabletas con rellenos tambi\u00e9n artesanales es \u00e9sta de menta, en la que podr\u00e1 encontrar dentro de nuestra tableta de chocolate negro con aceite de oliva virgen extra una crema exquisita con un suave y delicado sabor a menta. Producto sin gluten.","og_url":"https:\/\/aceitesmioleum.com\/en\/product\/tableta-mioleum-de-chocolate-artesano-relleno-de-crema-de-menta-y-con-aove\/","og_site_name":"Aceites Mioleum","article_modified_time":"2025-12-06T20:33:57+00:00","og_image":[{"width":906,"height":906,"url":"https:\/\/aceitesmioleum.com\/wp-content\/uploads\/2023\/01\/tableta-mioleum-de-chocolate-artesano-relleno-de-crema-de-menta-y-aove-1.jpg","type":"image\/jpeg"}],"twitter_card":"summary_large_image","twitter_misc":{"Estimated reading time":"1 minute"},"schema":{"@context":"https:\/\/schema.org","@graph":[{"@type":"WebPage","@id":"https:\/\/aceitesmioleum.com\/producto\/tableta-mioleum-de-chocolate-artesano-relleno-de-crema-de-menta-y-con-aove\/","url":"https:\/\/aceitesmioleum.com\/producto\/tableta-mioleum-de-chocolate-artesano-relleno-de-crema-de-menta-y-con-aove\/","name":"Tableta Mi\u00f3leum de Chocolate artesano relleno de crema de menta y con AOVE - Aceites Mioleum","isPartOf":{"@id":"https:\/\/aceitesmioleum.com\/#website"},"primaryImageOfPage":{"@id":"https:\/\/aceitesmioleum.com\/producto\/tableta-mioleum-de-chocolate-artesano-relleno-de-crema-de-menta-y-con-aove\/#primaryimage"},"image":{"@id":"https:\/\/aceitesmioleum.com\/producto\/tableta-mioleum-de-chocolate-artesano-relleno-de-crema-de-menta-y-con-aove\/#primaryimage"},"thumbnailUrl":"https:\/\/aceitesmioleum.com\/wp-content\/uploads\/2023\/01\/tableta-mioleum-de-chocolate-artesano-relleno-de-crema-de-menta-y-aove-1.jpg","datePublished":"2023-01-10T03:38:33+00:00","dateModified":"2025-12-06T20:33:57+00:00","breadcrumb":{"@id":"https:\/\/aceitesmioleum.com\/producto\/tableta-mioleum-de-chocolate-artesano-relleno-de-crema-de-menta-y-con-aove\/#breadcrumb"},"inLanguage":"en-GB","potentialAction":[{"@type":"ReadAction","target":["https:\/\/aceitesmioleum.com\/producto\/tableta-mioleum-de-chocolate-artesano-relleno-de-crema-de-menta-y-con-aove\/"]}]},{"@type":"ImageObject","inLanguage":"en-GB","@id":"https:\/\/aceitesmioleum.com\/producto\/tableta-mioleum-de-chocolate-artesano-relleno-de-crema-de-menta-y-con-aove\/#primaryimage","url":"https:\/\/aceitesmioleum.com\/wp-content\/uploads\/2023\/01\/tableta-mioleum-de-chocolate-artesano-relleno-de-crema-de-menta-y-aove-1.jpg","contentUrl":"https:\/\/aceitesmioleum.com\/wp-content\/uploads\/2023\/01\/tableta-mioleum-de-chocolate-artesano-relleno-de-crema-de-menta-y-aove-1.jpg","width":906,"height":906,"caption":"Tableta Mioleum de chocolate artesano relleno de menta y AOVE"},{"@type":"BreadcrumbList","@id":"https:\/\/aceitesmioleum.com\/producto\/tableta-mioleum-de-chocolate-artesano-relleno-de-crema-de-menta-y-con-aove\/#breadcrumb","itemListElement":[{"@type":"ListItem","position":1,"name":"Portada","item":"https:\/\/aceitesmioleum.com\/"},{"@type":"ListItem","position":2,"name":"Tienda","item":"https:\/\/aceitesmioleum.com\/tienda\/"},{"@type":"ListItem","position":3,"name":"Tableta Mi\u00f3leum de Chocolate artesano relleno de crema de menta y con AOVE"}]},{"@type":"WebSite","@id":"https:\/\/aceitesmioleum.com\/#website","url":"https:\/\/aceitesmioleum.com\/","name":"Aceites Mioleum","description":"Aceites Mioleum","publisher":{"@id":"https:\/\/aceitesmioleum.com\/#organization"},"potentialAction":[{"@type":"SearchAction","target":{"@type":"EntryPoint","urlTemplate":"https:\/\/aceitesmioleum.com\/?s={search_term_string}"},"query-input":{"@type":"PropertyValueSpecification","valueRequired":true,"valueName":"search_term_string"}}],"inLanguage":"en-GB"},{"@type":"Organization","@id":"https:\/\/aceitesmioleum.com\/#organization","name":"Aceites Mioleum","url":"https:\/\/aceitesmioleum.com\/","logo":{"@type":"ImageObject","inLanguage":"en-GB","@id":"https:\/\/aceitesmioleum.com\/#\/schema\/logo\/image\/","url":"https:\/\/aceitesmioleum.com\/wp-content\/uploads\/2021\/10\/logo-e1635103494703.png","contentUrl":"https:\/\/aceitesmioleum.com\/wp-content\/uploads\/2021\/10\/logo-e1635103494703.png","width":232,"height":150,"caption":"Aceites Mioleum"},"image":{"@id":"https:\/\/aceitesmioleum.com\/#\/schema\/logo\/image\/"}}]}},"_links":{"self":[{"href":"https:\/\/aceitesmioleum.com\/en\/wp-json\/wp\/v2\/product\/267","targetHints":{"allow":["GET"]}}],"collection":[{"href":"https:\/\/aceitesmioleum.com\/en\/wp-json\/wp\/v2\/product"}],"about":[{"href":"https:\/\/aceitesmioleum.com\/en\/wp-json\/wp\/v2\/types\/product"}],"replies":[{"embeddable":true,"href":"https:\/\/aceitesmioleum.com\/en\/wp-json\/wp\/v2\/comments?post=267"}],"wp:featuredmedia":[{"embeddable":true,"href":"https:\/\/aceitesmioleum.com\/en\/wp-json\/wp\/v2\/media\/482"}],"wp:attachment":[{"href":"https:\/\/aceitesmioleum.com\/en\/wp-json\/wp\/v2\/media?parent=267"}],"wp:term":[{"taxonomy":"product_brand","embeddable":true,"href":"https:\/\/aceitesmioleum.com\/en\/wp-json\/wp\/v2\/product_brand?post=267"},{"taxonomy":"product_cat","embeddable":true,"href":"https:\/\/aceitesmioleum.com\/en\/wp-json\/wp\/v2\/product_cat?post=267"},{"taxonomy":"product_tag","embeddable":true,"href":"https:\/\/aceitesmioleum.com\/en\/wp-json\/wp\/v2\/product_tag?post=267"}],"curies":[{"name":"wp","href":"https:\/\/api.w.org\/{rel}","templated":true}]}}