{"id":220,"date":"2023-01-10T03:38:09","date_gmt":"2023-01-10T02:38:09","guid":{"rendered":"https:\/\/aceitesmioleum.com\/?post_type=product&#038;p=220"},"modified":"2025-10-10T22:02:56","modified_gmt":"2025-10-10T21:02:56","slug":"jalea-mioleum-de-aove-temprano","status":"publish","type":"product","link":"https:\/\/aceitesmioleum.com\/en\/product\/jalea-mioleum-de-aove-temprano\/","title":{"rendered":"Jalea Mi\u00f3leum de AOVE Temprano"},"content":{"rendered":"<p><strong>Presentation<\/strong>: 100 grs. glass jar.<\/p>\n<p><strong>Features<\/strong>: Deliciosa jalea de sabor dulce, con el caracter\u00edstico sabor frutado de los aceites Mi\u00f3leum, confiri\u00e9ndole de esta forma un sabor \u00fanico. Esta mermelada de aceite de oliva virgen extra es capaz de ensalzar cada plato de la manera m\u00e1s vers\u00e1til.<\/p>\n<p><strong>Usage<\/strong>: Ideal to enjoy with toasted bread, with all kinds of cheeses, p\u00e2t\u00e9s, meat or fish sauces, salads, as well as in desserts, yoghurts, cake toppings, biscuits and pastries. Try it in your breakfasts or snacks, or add it to your dishes, it will give them an innovative and haute cuisine touch.<\/p>\n<p><strong>Ingredients<\/strong>: Extra Virgin Olive Oil 72%, Sugar, Emulsifier, Xanthan Gum<\/p>\n<p><strong>Conservation<\/strong>: Store in a cool, dry place, away from direct light, heat and odours, between 10 and 26\u00baC. Once opened, store in the refrigerator between 0\u00baC and 5\u00baC and consume within 20 days.<\/p>","protected":false},"excerpt":{"rendered":"<p>Ideal to enjoy with toast, with all kinds of cheeses, p\u00e2t\u00e9s, meat or fish sauces, salads, as well as in desserts, yoghurts, cake toppings, sponge cakes and pastries. Try it in your breakfasts or snacks, or add it to your dishes, it will give them an innovative and haute cuisine touch.<\/p>","protected":false},"featured_media":428,"comment_status":"open","ping_status":"closed","template":"","meta":[],"product_brand":[],"product_cat":[35],"product_tag":[],"class_list":{"0":"post-220","1":"product","2":"type-product","3":"status-publish","4":"has-post-thumbnail","6":"product_cat-mermeladas","8":"first","9":"instock","10":"shipping-taxable","11":"purchasable","12":"product-type-variable"},"yoast_head":"<!-- This site is optimized with the Yoast SEO plugin v27.5 - https:\/\/yoast.com\/product\/yoast-seo-wordpress\/ -->\n<title>Jalea Mi\u00f3leum de AOVE Temprano - Aceites Mioleum<\/title>\n<meta name=\"description\" content=\"Aceites Mioleum Jalea Mi\u00f3leum de AOVE Temprano Premium Producto Gourmet Alta Cocina\" \/>\n<meta name=\"robots\" content=\"index, follow, max-snippet:-1, max-image-preview:large, max-video-preview:-1\" \/>\n<link rel=\"canonical\" href=\"https:\/\/aceitesmioleum.com\/en\/product\/jalea-mioleum-de-aove-temprano\/\" \/>\n<meta property=\"og:locale\" content=\"en_GB\" \/>\n<meta property=\"og:type\" content=\"article\" \/>\n<meta property=\"og:title\" content=\"Jalea Mi\u00f3leum de AOVE Temprano - Aceites Mioleum\" \/>\n<meta property=\"og:description\" content=\"Aceites Mioleum Jalea Mi\u00f3leum de AOVE Temprano Premium Producto Gourmet Alta Cocina\" \/>\n<meta property=\"og:url\" content=\"https:\/\/aceitesmioleum.com\/en\/product\/jalea-mioleum-de-aove-temprano\/\" \/>\n<meta property=\"og:site_name\" content=\"Aceites Mioleum\" \/>\n<meta property=\"article:modified_time\" content=\"2025-10-10T21:02:56+00:00\" \/>\n<meta property=\"og:image\" content=\"https:\/\/aceitesmioleum.com\/wp-content\/uploads\/2023\/01\/mermelada-mioleum-de-aove-temprano-02.jpg\" \/>\n\t<meta property=\"og:image:width\" content=\"900\" \/>\n\t<meta property=\"og:image:height\" content=\"900\" \/>\n\t<meta property=\"og:image:type\" content=\"image\/jpeg\" \/>\n<meta name=\"twitter:card\" content=\"summary_large_image\" \/>\n<meta name=\"twitter:label1\" content=\"Estimated reading time\" \/>\n\t<meta name=\"twitter:data1\" content=\"1 minute\" \/>\n<script type=\"application\/ld+json\" class=\"yoast-schema-graph\">{\"@context\":\"https:\\\/\\\/schema.org\",\"@graph\":[{\"@type\":\"WebPage\",\"@id\":\"https:\\\/\\\/aceitesmioleum.com\\\/producto\\\/jalea-mioleum-de-aove-temprano\\\/\",\"url\":\"https:\\\/\\\/aceitesmioleum.com\\\/producto\\\/jalea-mioleum-de-aove-temprano\\\/\",\"name\":\"Jalea Mi\u00f3leum de AOVE Temprano - Aceites Mioleum\",\"isPartOf\":{\"@id\":\"https:\\\/\\\/aceitesmioleum.com\\\/#website\"},\"primaryImageOfPage\":{\"@id\":\"https:\\\/\\\/aceitesmioleum.com\\\/producto\\\/jalea-mioleum-de-aove-temprano\\\/#primaryimage\"},\"image\":{\"@id\":\"https:\\\/\\\/aceitesmioleum.com\\\/producto\\\/jalea-mioleum-de-aove-temprano\\\/#primaryimage\"},\"thumbnailUrl\":\"https:\\\/\\\/aceitesmioleum.com\\\/wp-content\\\/uploads\\\/2023\\\/01\\\/mermelada-mioleum-de-aove-temprano-02.jpg\",\"datePublished\":\"2023-01-10T02:38:09+00:00\",\"dateModified\":\"2025-10-10T21:02:56+00:00\",\"description\":\"Aceites Mioleum Jalea Mi\u00f3leum de AOVE Temprano Premium Producto Gourmet Alta Cocina\",\"breadcrumb\":{\"@id\":\"https:\\\/\\\/aceitesmioleum.com\\\/producto\\\/jalea-mioleum-de-aove-temprano\\\/#breadcrumb\"},\"inLanguage\":\"en-GB\",\"potentialAction\":[{\"@type\":\"ReadAction\",\"target\":[\"https:\\\/\\\/aceitesmioleum.com\\\/producto\\\/jalea-mioleum-de-aove-temprano\\\/\"]}]},{\"@type\":\"ImageObject\",\"inLanguage\":\"en-GB\",\"@id\":\"https:\\\/\\\/aceitesmioleum.com\\\/producto\\\/jalea-mioleum-de-aove-temprano\\\/#primaryimage\",\"url\":\"https:\\\/\\\/aceitesmioleum.com\\\/wp-content\\\/uploads\\\/2023\\\/01\\\/mermelada-mioleum-de-aove-temprano-02.jpg\",\"contentUrl\":\"https:\\\/\\\/aceitesmioleum.com\\\/wp-content\\\/uploads\\\/2023\\\/01\\\/mermelada-mioleum-de-aove-temprano-02.jpg\",\"width\":900,\"height\":900,\"caption\":\"Mermelada Mioleum de AOVE temprano\"},{\"@type\":\"BreadcrumbList\",\"@id\":\"https:\\\/\\\/aceitesmioleum.com\\\/producto\\\/jalea-mioleum-de-aove-temprano\\\/#breadcrumb\",\"itemListElement\":[{\"@type\":\"ListItem\",\"position\":1,\"name\":\"Portada\",\"item\":\"https:\\\/\\\/aceitesmioleum.com\\\/\"},{\"@type\":\"ListItem\",\"position\":2,\"name\":\"Tienda\",\"item\":\"https:\\\/\\\/aceitesmioleum.com\\\/tienda\\\/\"},{\"@type\":\"ListItem\",\"position\":3,\"name\":\"Jalea Mi\u00f3leum de AOVE Temprano\"}]},{\"@type\":\"WebSite\",\"@id\":\"https:\\\/\\\/aceitesmioleum.com\\\/#website\",\"url\":\"https:\\\/\\\/aceitesmioleum.com\\\/\",\"name\":\"Aceites Mioleum\",\"description\":\"Aceites Mioleum\",\"publisher\":{\"@id\":\"https:\\\/\\\/aceitesmioleum.com\\\/#organization\"},\"potentialAction\":[{\"@type\":\"SearchAction\",\"target\":{\"@type\":\"EntryPoint\",\"urlTemplate\":\"https:\\\/\\\/aceitesmioleum.com\\\/?s={search_term_string}\"},\"query-input\":{\"@type\":\"PropertyValueSpecification\",\"valueRequired\":true,\"valueName\":\"search_term_string\"}}],\"inLanguage\":\"en-GB\"},{\"@type\":\"Organization\",\"@id\":\"https:\\\/\\\/aceitesmioleum.com\\\/#organization\",\"name\":\"Aceites Mioleum\",\"url\":\"https:\\\/\\\/aceitesmioleum.com\\\/\",\"logo\":{\"@type\":\"ImageObject\",\"inLanguage\":\"en-GB\",\"@id\":\"https:\\\/\\\/aceitesmioleum.com\\\/#\\\/schema\\\/logo\\\/image\\\/\",\"url\":\"https:\\\/\\\/aceitesmioleum.com\\\/wp-content\\\/uploads\\\/2021\\\/10\\\/logo-e1635103494703.png\",\"contentUrl\":\"https:\\\/\\\/aceitesmioleum.com\\\/wp-content\\\/uploads\\\/2021\\\/10\\\/logo-e1635103494703.png\",\"width\":232,\"height\":150,\"caption\":\"Aceites Mioleum\"},\"image\":{\"@id\":\"https:\\\/\\\/aceitesmioleum.com\\\/#\\\/schema\\\/logo\\\/image\\\/\"}}]}<\/script>\n<!-- \/ Yoast SEO plugin. -->","yoast_head_json":{"title":"Jalea Mi\u00f3leum de AOVE Temprano - Aceites Mioleum","description":"Aceites Mioleum Jalea Mi\u00f3leum de AOVE Temprano Premium Producto Gourmet Alta Cocina","robots":{"index":"index","follow":"follow","max-snippet":"max-snippet:-1","max-image-preview":"max-image-preview:large","max-video-preview":"max-video-preview:-1"},"canonical":"https:\/\/aceitesmioleum.com\/en\/product\/jalea-mioleum-de-aove-temprano\/","og_locale":"en_GB","og_type":"article","og_title":"Jalea Mi\u00f3leum de AOVE Temprano - Aceites Mioleum","og_description":"Aceites Mioleum Jalea Mi\u00f3leum de AOVE Temprano Premium Producto Gourmet Alta Cocina","og_url":"https:\/\/aceitesmioleum.com\/en\/product\/jalea-mioleum-de-aove-temprano\/","og_site_name":"Aceites Mioleum","article_modified_time":"2025-10-10T21:02:56+00:00","og_image":[{"width":900,"height":900,"url":"https:\/\/aceitesmioleum.com\/wp-content\/uploads\/2023\/01\/mermelada-mioleum-de-aove-temprano-02.jpg","type":"image\/jpeg"}],"twitter_card":"summary_large_image","twitter_misc":{"Estimated reading time":"1 minute"},"schema":{"@context":"https:\/\/schema.org","@graph":[{"@type":"WebPage","@id":"https:\/\/aceitesmioleum.com\/producto\/jalea-mioleum-de-aove-temprano\/","url":"https:\/\/aceitesmioleum.com\/producto\/jalea-mioleum-de-aove-temprano\/","name":"Jalea Mi\u00f3leum de AOVE Temprano - Aceites Mioleum","isPartOf":{"@id":"https:\/\/aceitesmioleum.com\/#website"},"primaryImageOfPage":{"@id":"https:\/\/aceitesmioleum.com\/producto\/jalea-mioleum-de-aove-temprano\/#primaryimage"},"image":{"@id":"https:\/\/aceitesmioleum.com\/producto\/jalea-mioleum-de-aove-temprano\/#primaryimage"},"thumbnailUrl":"https:\/\/aceitesmioleum.com\/wp-content\/uploads\/2023\/01\/mermelada-mioleum-de-aove-temprano-02.jpg","datePublished":"2023-01-10T02:38:09+00:00","dateModified":"2025-10-10T21:02:56+00:00","description":"Aceites Mioleum Jalea Mi\u00f3leum de AOVE Temprano Premium Producto Gourmet Alta Cocina","breadcrumb":{"@id":"https:\/\/aceitesmioleum.com\/producto\/jalea-mioleum-de-aove-temprano\/#breadcrumb"},"inLanguage":"en-GB","potentialAction":[{"@type":"ReadAction","target":["https:\/\/aceitesmioleum.com\/producto\/jalea-mioleum-de-aove-temprano\/"]}]},{"@type":"ImageObject","inLanguage":"en-GB","@id":"https:\/\/aceitesmioleum.com\/producto\/jalea-mioleum-de-aove-temprano\/#primaryimage","url":"https:\/\/aceitesmioleum.com\/wp-content\/uploads\/2023\/01\/mermelada-mioleum-de-aove-temprano-02.jpg","contentUrl":"https:\/\/aceitesmioleum.com\/wp-content\/uploads\/2023\/01\/mermelada-mioleum-de-aove-temprano-02.jpg","width":900,"height":900,"caption":"Mermelada Mioleum de AOVE temprano"},{"@type":"BreadcrumbList","@id":"https:\/\/aceitesmioleum.com\/producto\/jalea-mioleum-de-aove-temprano\/#breadcrumb","itemListElement":[{"@type":"ListItem","position":1,"name":"Portada","item":"https:\/\/aceitesmioleum.com\/"},{"@type":"ListItem","position":2,"name":"Tienda","item":"https:\/\/aceitesmioleum.com\/tienda\/"},{"@type":"ListItem","position":3,"name":"Jalea Mi\u00f3leum de AOVE Temprano"}]},{"@type":"WebSite","@id":"https:\/\/aceitesmioleum.com\/#website","url":"https:\/\/aceitesmioleum.com\/","name":"Aceites Mioleum","description":"Aceites Mioleum","publisher":{"@id":"https:\/\/aceitesmioleum.com\/#organization"},"potentialAction":[{"@type":"SearchAction","target":{"@type":"EntryPoint","urlTemplate":"https:\/\/aceitesmioleum.com\/?s={search_term_string}"},"query-input":{"@type":"PropertyValueSpecification","valueRequired":true,"valueName":"search_term_string"}}],"inLanguage":"en-GB"},{"@type":"Organization","@id":"https:\/\/aceitesmioleum.com\/#organization","name":"Aceites Mioleum","url":"https:\/\/aceitesmioleum.com\/","logo":{"@type":"ImageObject","inLanguage":"en-GB","@id":"https:\/\/aceitesmioleum.com\/#\/schema\/logo\/image\/","url":"https:\/\/aceitesmioleum.com\/wp-content\/uploads\/2021\/10\/logo-e1635103494703.png","contentUrl":"https:\/\/aceitesmioleum.com\/wp-content\/uploads\/2021\/10\/logo-e1635103494703.png","width":232,"height":150,"caption":"Aceites Mioleum"},"image":{"@id":"https:\/\/aceitesmioleum.com\/#\/schema\/logo\/image\/"}}]}},"_links":{"self":[{"href":"https:\/\/aceitesmioleum.com\/en\/wp-json\/wp\/v2\/product\/220","targetHints":{"allow":["GET"]}}],"collection":[{"href":"https:\/\/aceitesmioleum.com\/en\/wp-json\/wp\/v2\/product"}],"about":[{"href":"https:\/\/aceitesmioleum.com\/en\/wp-json\/wp\/v2\/types\/product"}],"replies":[{"embeddable":true,"href":"https:\/\/aceitesmioleum.com\/en\/wp-json\/wp\/v2\/comments?post=220"}],"wp:featuredmedia":[{"embeddable":true,"href":"https:\/\/aceitesmioleum.com\/en\/wp-json\/wp\/v2\/media\/428"}],"wp:attachment":[{"href":"https:\/\/aceitesmioleum.com\/en\/wp-json\/wp\/v2\/media?parent=220"}],"wp:term":[{"taxonomy":"product_brand","embeddable":true,"href":"https:\/\/aceitesmioleum.com\/en\/wp-json\/wp\/v2\/product_brand?post=220"},{"taxonomy":"product_cat","embeddable":true,"href":"https:\/\/aceitesmioleum.com\/en\/wp-json\/wp\/v2\/product_cat?post=220"},{"taxonomy":"product_tag","embeddable":true,"href":"https:\/\/aceitesmioleum.com\/en\/wp-json\/wp\/v2\/product_tag?post=220"}],"curies":[{"name":"wp","href":"https:\/\/api.w.org\/{rel}","templated":true}]}}