{"id":594,"date":"2023-04-28T05:21:14","date_gmt":"2023-04-28T04:21:14","guid":{"rendered":"https:\/\/aceitesmioleum.com\/?page_id=594"},"modified":"2023-04-28T05:27:22","modified_gmt":"2023-04-28T04:27:22","slug":"accesibilidad","status":"publish","type":"page","link":"https:\/\/aceitesmioleum.com\/en\/accesibilidad\/","title":{"rendered":"Accessibility"},"content":{"rendered":"\n<h2 class=\"wp-block-heading\">Introducci\u00f3n<\/h2>\n\n\n\n<p>Aceites Mioleum se ha comprometido a hacer accesible su sitio web de conformidad con el <a title=\"Real Decreto 1112\/2018, de 7 de septiembre, sobre accesibilidad de los sitios web y aplicaciones para dispositivos m\u00f3viles del sector p\u00fablico. (Abre en nueva ventana)\" href=\"http:\/\/www.boe.es\/diario_boe\/txt.php?id=BOE-A-2018-12699\" target=\"_blank\" rel=\"noopener\">Real Decreto 1112\/2018, de 7 de septiembre, sobre accesibilidad de los sitios web y aplicaciones para dispositivos m\u00f3viles del sector p\u00fablico.<\/a><\/p>\n\n\n\n<p>La presente declaraci\u00f3n de accesibilidad se aplica al sitio web https:\/\/aceitesmioleum.com\/<\/p>\n\n\n\n<h2 class=\"wp-block-heading\">Situaci\u00f3n de cumplimiento<\/h2>\n\n\n\n<p>Este sitio web es <strong>parcialmente conforme<\/strong> con el RD 1112\/2018 debido a las excepciones y a la falta de conformidad de los aspectos que se indican a continuaci\u00f3n.<\/p>\n\n\n\n<h2 class=\"wp-block-heading\">Contenido no accesible<\/h2>\n\n\n\n<p>El contenido que se recoge a continuaci\u00f3n no es accesible por lo siguiente:<\/p>\n\n\n\n<ol class=\"wp-block-list\">\n<li><strong>falta de conformidad con el RD 1112\/2018<\/strong>\n<ul class=\"wp-block-list\">\n<li>Hay enlaces en los que no se identifica correctamente su funci\u00f3n (tienen una descripci\u00f3n inadecuada, un texto demasiado gen\u00e9rico, un title inadecuado&#8230;)<br><i>[requisito n\u00famero 9.2.4.4 Prop\u00f3sito de los enlaces, de UNE-EN 301549:2022].<\/i><\/li>\n\n\n\n<li>Hay contenido v\u00eddeo que no incluye alternativas para el contenido audio (subt\u00edtulos) y el contenido v\u00eddeo (transcripciones y audiodescripciones).<\/li>\n<\/ul>\n<\/li>\n\n\n\n<li><strong>carga desproporcionada<\/strong>\n<ul class=\"wp-block-list\">\n<li>No aplica.<\/li>\n<\/ul>\n<\/li>\n\n\n\n<li>el contenido <strong>no entra dentro del \u00e1mbito de la legislaci\u00f3n<\/strong> aplicable\n<ul class=\"wp-block-list\">\n<li>Podr\u00edan existir archivos ofim\u00e1ticos en PDF u otros formatos publicados que no cumplan en su totalidad todos los requisitos de accesibilidad. Aunque se ha procurado que la mayor\u00eda de ellos s\u00ed lo cumplan.<\/li>\n<\/ul>\n<\/li>\n<\/ol>\n\n\n\n<h2 class=\"wp-block-heading\">Preparaci\u00f3n de la presente declaraci\u00f3n de accesibilidad<\/h2>\n\n\n\n<p>La presente declaraci\u00f3n fue preparada el 28 de Abril de 2023.<\/p>\n\n\n\n<p>El m\u00e9todo empleado para preparar la declaraci\u00f3n ha sido una autoevaluaci\u00f3n llevada a cabo por el propio organismo.<\/p>\n\n\n\n<p>\u00daltima revisi\u00f3n de la declaraci\u00f3n: 28 de Abril de 2023.<\/p>\n\n\n\n<h2 class=\"wp-block-heading\">Observaciones y datos de contacto<\/h2>\n\n\n\n<p>Puede realizar <strong>comunicaciones<\/strong> sobre requisitos de accesibilidad (art\u00edculo 10.2.a) del RD 1112\/2018) como por ejemplo:<\/p>\n\n\n\n<ul class=\"wp-block-list\">\n<li>informar sobre cualquier posible <strong>incumplimiento<\/strong> por parte de este sitio web<\/li>\n\n\n\n<li>transmitir otras <strong>dificultades de acceso<\/strong> al contenido<\/li>\n\n\n\n<li>formular cualquier otra <strong>consulta o sugerencia de mejora<\/strong> relativa a la accesibilidad del sitio web<\/li>\n<\/ul>\n\n\n\n<p>A trav\u00e9s del siguiente <a href=\"https:\/\/aceitesmioleum.com\/contacto\/\">formulario de contacto<\/a>.<\/p>\n\n\n\n<p>Puede presentar:<\/p>\n\n\n\n<ul class=\"wp-block-list\">\n<li>una <strong>Queja<\/strong> relativa al cumplimiento de los requisitos del RD 1112\/2018 o<\/li>\n\n\n\n<li>una <strong>Solicitud de Informaci\u00f3n accesible<\/strong> relativa a:\n<ul class=\"wp-block-list\">\n<li><strong>contenidos<\/strong> que est\u00e1n <strong>excluidos<\/strong> del <strong>\u00e1mbito de aplicaci\u00f3n<\/strong> del RD 1112\/2018 seg\u00fan lo establecido por el art\u00edculo 3, apartado 4<\/li>\n\n\n\n<li><strong>contenidos<\/strong> que est\u00e1n <strong>exentos<\/strong> del <strong>cumplimiento<\/strong> de los requisitos de accesibilidad por imponer una <strong>carga desproporcionada<\/strong>.<\/li>\n<\/ul>\n<\/li>\n<\/ul>\n\n\n\n<p>En la Solicitud de informaci\u00f3n accesible, se debe concretar, con toda claridad, los hechos, razones y petici\u00f3n que permitan constatar que se trata de una solicitud razonable y leg\u00edtima.<\/p>\n\n\n\n<p>Las comunicaciones, quejas y solicitudes de informaci\u00f3n accesible ser\u00e1n recibidas y tratadas por Aceites Mioleum.<\/p>\n\n\n\n<h2 class=\"wp-block-heading\">Procedimiento de aplicaci\u00f3n<\/h2>\n\n\n\n<p>Si una vez realizada una solicitud de informaci\u00f3n accesible o queja, \u00e9sta hubiera sido desestimada, no se estuviera de acuerdo con la decisi\u00f3n adoptada, o la respuesta no cumpliera los requisitos contemplados en el art\u00edculo 12.5, la persona interesada podr\u00e1 iniciar una reclamaci\u00f3n. Igualmente se podr\u00e1 iniciar una reclamaci\u00f3n en el caso de que haya trascurrido el plazo de veinte d\u00edas h\u00e1biles sin haber obtenido respuesta.<\/p>\n\n\n\n<p>La reclamaci\u00f3n puede ser presentada trav\u00e9s del <a href=\"https:\/\/aceitesmioleum.com\/contacto\/\">formulario de contacto<\/a> , as\u00ed como en el resto de opciones recogidas en la Ley 39\/ 2015, de 1 de octubre, del Procedimiento Administrativo Com\u00fan de las Administraciones P\u00fablicas.<\/p>\n\n\n\n<p>Las reclamaciones ser\u00e1n recibidas y tratadas por la <strong>Subdirecci\u00f3n General de Inspecci\u00f3n de Servicios<\/strong> del Ministerio de Asuntos Econ\u00f3micos y Transformaci\u00f3n Digital.<\/p>\n\n\n\n<h2 class=\"wp-block-heading\">Contenido opcional<\/h2>\n\n\n\n<p>Este sitio web aplica los requisitos de la <strong>Norma UNE-EN 301549:2022<\/strong> considerando las excepciones del RD 1112\/2018.<\/p>\n\n\n\n<p>La \u00faltima revisi\u00f3n de la accesibilidad se ha realizado en 28 de Abril de 2023.<\/p>\n\n\n\n<p>El sitio web est\u00e1 optimizado para los navegadores Microsoft Internet Explorer 8.0 o versiones superiores y las \u00faltimas versiones vigentes de FireFox, Safari, Opera y Google Chrome. La <strong>resoluci\u00f3n<\/strong> web <strong>m\u00ednima<\/strong> recomendada es de <strong>1280&#215;1024<\/strong>.<\/p>\n\n\n\n<p>El sitio web est\u00e1 dise\u00f1ado para su visualizaci\u00f3n Responsive, con lo que se visualiza de forma \u00f3ptima en los dispositivos tablet y m\u00f3viles. En estos dispositivos est\u00e1 optimizado para su visualizaci\u00f3n en las \u00faltimas versiones vigentes de Chrome for mobile, Firefox for mobile, Safari mobile, Opera Mini y navegador nativo de Android.<\/p>\n\n\n\n<p>Entre otras se adoptan las siguientes medidas para facilitar la accesibilidad:<\/p>\n\n\n\n<ul class=\"wp-block-list\">\n<li>Utilizaci\u00f3n de texto alternativo en las im\u00e1genes<\/li>\n\n\n\n<li>Los enlaces ofrecen detalles de la funci\u00f3n o destino del hiperv\u00ednculo<\/li>\n\n\n\n<li>Uso de los est\u00e1ndares del W3C: XHTML 1.0, CSS 3.0, WAI AA.<\/li>\n<\/ul>\n","protected":false},"excerpt":{"rendered":"<p>Introducci\u00f3n Aceites Mioleum se ha comprometido a hacer accesible su sitio web de conformidad con el Real Decreto 1112\/2018, de 7 de septiembre, sobre accesibilidad de los sitios web y aplicaciones para dispositivos m\u00f3viles del sector p\u00fablico. La presente declaraci\u00f3n de accesibilidad se aplica al sitio web https:\/\/aceitesmioleum.com\/ Situaci\u00f3n de cumplimiento Este sitio web es [&hellip;]<\/p>\n","protected":false},"author":2,"featured_media":0,"parent":0,"menu_order":0,"comment_status":"closed","ping_status":"closed","template":"","meta":{"footnotes":""},"class_list":["post-594","page","type-page","status-publish","hentry"],"yoast_head":"<!-- This site is optimized with the Yoast SEO plugin v27.4 - https:\/\/yoast.com\/product\/yoast-seo-wordpress\/ -->\n<title>Accesibilidad - Aceites Mioleum<\/title>\n<meta name=\"description\" content=\"Aceites Mioleum es una empresa joven y en constante expansi\u00f3n dentro del sector agr\u00edcola del aceite de oliva virgen extra\" \/>\n<meta name=\"robots\" content=\"index, follow, max-snippet:-1, max-image-preview:large, max-video-preview:-1\" \/>\n<link rel=\"canonical\" href=\"https:\/\/aceitesmioleum.com\/en\/accesibilidad\/\" \/>\n<meta property=\"og:locale\" content=\"en_GB\" \/>\n<meta property=\"og:type\" content=\"article\" \/>\n<meta property=\"og:title\" content=\"Accesibilidad - Aceites Mioleum\" \/>\n<meta property=\"og:description\" content=\"Aceites Mioleum es una empresa joven y en constante expansi\u00f3n dentro del sector agr\u00edcola del aceite de oliva virgen extra\" \/>\n<meta property=\"og:url\" content=\"https:\/\/aceitesmioleum.com\/en\/accesibilidad\/\" \/>\n<meta property=\"og:site_name\" content=\"Aceites Mioleum\" \/>\n<meta property=\"article:modified_time\" content=\"2023-04-28T04:27:22+00:00\" \/>\n<meta name=\"twitter:card\" content=\"summary_large_image\" \/>\n<meta name=\"twitter:label1\" content=\"Estimated reading time\" \/>\n\t<meta name=\"twitter:data1\" content=\"4 minutes\" \/>\n<script type=\"application\/ld+json\" class=\"yoast-schema-graph\">{\"@context\":\"https:\\\/\\\/schema.org\",\"@graph\":[{\"@type\":\"WebPage\",\"@id\":\"https:\\\/\\\/aceitesmioleum.com\\\/accesibilidad\\\/\",\"url\":\"https:\\\/\\\/aceitesmioleum.com\\\/accesibilidad\\\/\",\"name\":\"Accesibilidad - Aceites Mioleum\",\"isPartOf\":{\"@id\":\"https:\\\/\\\/aceitesmioleum.com\\\/#website\"},\"datePublished\":\"2023-04-28T04:21:14+00:00\",\"dateModified\":\"2023-04-28T04:27:22+00:00\",\"description\":\"Aceites Mioleum es una empresa joven y en constante expansi\u00f3n dentro del sector agr\u00edcola del aceite de oliva virgen extra\",\"breadcrumb\":{\"@id\":\"https:\\\/\\\/aceitesmioleum.com\\\/accesibilidad\\\/#breadcrumb\"},\"inLanguage\":\"en-GB\",\"potentialAction\":[{\"@type\":\"ReadAction\",\"target\":[\"https:\\\/\\\/aceitesmioleum.com\\\/accesibilidad\\\/\"]}]},{\"@type\":\"BreadcrumbList\",\"@id\":\"https:\\\/\\\/aceitesmioleum.com\\\/accesibilidad\\\/#breadcrumb\",\"itemListElement\":[{\"@type\":\"ListItem\",\"position\":1,\"name\":\"Portada\",\"item\":\"https:\\\/\\\/aceitesmioleum.com\\\/\"},{\"@type\":\"ListItem\",\"position\":2,\"name\":\"Accesibilidad\"}]},{\"@type\":\"WebSite\",\"@id\":\"https:\\\/\\\/aceitesmioleum.com\\\/#website\",\"url\":\"https:\\\/\\\/aceitesmioleum.com\\\/\",\"name\":\"Aceites Mioleum\",\"description\":\"Aceites Mioleum\",\"publisher\":{\"@id\":\"https:\\\/\\\/aceitesmioleum.com\\\/#organization\"},\"potentialAction\":[{\"@type\":\"SearchAction\",\"target\":{\"@type\":\"EntryPoint\",\"urlTemplate\":\"https:\\\/\\\/aceitesmioleum.com\\\/?s={search_term_string}\"},\"query-input\":{\"@type\":\"PropertyValueSpecification\",\"valueRequired\":true,\"valueName\":\"search_term_string\"}}],\"inLanguage\":\"en-GB\"},{\"@type\":\"Organization\",\"@id\":\"https:\\\/\\\/aceitesmioleum.com\\\/#organization\",\"name\":\"Aceites Mioleum\",\"url\":\"https:\\\/\\\/aceitesmioleum.com\\\/\",\"logo\":{\"@type\":\"ImageObject\",\"inLanguage\":\"en-GB\",\"@id\":\"https:\\\/\\\/aceitesmioleum.com\\\/#\\\/schema\\\/logo\\\/image\\\/\",\"url\":\"https:\\\/\\\/aceitesmioleum.com\\\/wp-content\\\/uploads\\\/2021\\\/10\\\/logo-e1635103494703.png\",\"contentUrl\":\"https:\\\/\\\/aceitesmioleum.com\\\/wp-content\\\/uploads\\\/2021\\\/10\\\/logo-e1635103494703.png\",\"width\":232,\"height\":150,\"caption\":\"Aceites Mioleum\"},\"image\":{\"@id\":\"https:\\\/\\\/aceitesmioleum.com\\\/#\\\/schema\\\/logo\\\/image\\\/\"}}]}<\/script>\n<!-- \/ Yoast SEO plugin. -->","yoast_head_json":{"title":"Accesibilidad - Aceites Mioleum","description":"Aceites Mioleum es una empresa joven y en constante expansi\u00f3n dentro del sector agr\u00edcola del aceite de oliva virgen extra","robots":{"index":"index","follow":"follow","max-snippet":"max-snippet:-1","max-image-preview":"max-image-preview:large","max-video-preview":"max-video-preview:-1"},"canonical":"https:\/\/aceitesmioleum.com\/en\/accesibilidad\/","og_locale":"en_GB","og_type":"article","og_title":"Accesibilidad - Aceites Mioleum","og_description":"Aceites Mioleum es una empresa joven y en constante expansi\u00f3n dentro del sector agr\u00edcola del aceite de oliva virgen extra","og_url":"https:\/\/aceitesmioleum.com\/en\/accesibilidad\/","og_site_name":"Aceites Mioleum","article_modified_time":"2023-04-28T04:27:22+00:00","twitter_card":"summary_large_image","twitter_misc":{"Estimated reading time":"4 minutes"},"schema":{"@context":"https:\/\/schema.org","@graph":[{"@type":"WebPage","@id":"https:\/\/aceitesmioleum.com\/accesibilidad\/","url":"https:\/\/aceitesmioleum.com\/accesibilidad\/","name":"Accesibilidad - Aceites Mioleum","isPartOf":{"@id":"https:\/\/aceitesmioleum.com\/#website"},"datePublished":"2023-04-28T04:21:14+00:00","dateModified":"2023-04-28T04:27:22+00:00","description":"Aceites Mioleum es una empresa joven y en constante expansi\u00f3n dentro del sector agr\u00edcola del aceite de oliva virgen extra","breadcrumb":{"@id":"https:\/\/aceitesmioleum.com\/accesibilidad\/#breadcrumb"},"inLanguage":"en-GB","potentialAction":[{"@type":"ReadAction","target":["https:\/\/aceitesmioleum.com\/accesibilidad\/"]}]},{"@type":"BreadcrumbList","@id":"https:\/\/aceitesmioleum.com\/accesibilidad\/#breadcrumb","itemListElement":[{"@type":"ListItem","position":1,"name":"Portada","item":"https:\/\/aceitesmioleum.com\/"},{"@type":"ListItem","position":2,"name":"Accesibilidad"}]},{"@type":"WebSite","@id":"https:\/\/aceitesmioleum.com\/#website","url":"https:\/\/aceitesmioleum.com\/","name":"Aceites Mioleum","description":"Aceites Mioleum","publisher":{"@id":"https:\/\/aceitesmioleum.com\/#organization"},"potentialAction":[{"@type":"SearchAction","target":{"@type":"EntryPoint","urlTemplate":"https:\/\/aceitesmioleum.com\/?s={search_term_string}"},"query-input":{"@type":"PropertyValueSpecification","valueRequired":true,"valueName":"search_term_string"}}],"inLanguage":"en-GB"},{"@type":"Organization","@id":"https:\/\/aceitesmioleum.com\/#organization","name":"Aceites Mioleum","url":"https:\/\/aceitesmioleum.com\/","logo":{"@type":"ImageObject","inLanguage":"en-GB","@id":"https:\/\/aceitesmioleum.com\/#\/schema\/logo\/image\/","url":"https:\/\/aceitesmioleum.com\/wp-content\/uploads\/2021\/10\/logo-e1635103494703.png","contentUrl":"https:\/\/aceitesmioleum.com\/wp-content\/uploads\/2021\/10\/logo-e1635103494703.png","width":232,"height":150,"caption":"Aceites Mioleum"},"image":{"@id":"https:\/\/aceitesmioleum.com\/#\/schema\/logo\/image\/"}}]}},"_links":{"self":[{"href":"https:\/\/aceitesmioleum.com\/en\/wp-json\/wp\/v2\/pages\/594","targetHints":{"allow":["GET"]}}],"collection":[{"href":"https:\/\/aceitesmioleum.com\/en\/wp-json\/wp\/v2\/pages"}],"about":[{"href":"https:\/\/aceitesmioleum.com\/en\/wp-json\/wp\/v2\/types\/page"}],"author":[{"embeddable":true,"href":"https:\/\/aceitesmioleum.com\/en\/wp-json\/wp\/v2\/users\/2"}],"replies":[{"embeddable":true,"href":"https:\/\/aceitesmioleum.com\/en\/wp-json\/wp\/v2\/comments?post=594"}],"version-history":[{"count":0,"href":"https:\/\/aceitesmioleum.com\/en\/wp-json\/wp\/v2\/pages\/594\/revisions"}],"wp:attachment":[{"href":"https:\/\/aceitesmioleum.com\/en\/wp-json\/wp\/v2\/media?parent=594"}],"curies":[{"name":"wp","href":"https:\/\/api.w.org\/{rel}","templated":true}]}}