{"id":4,"date":"2021-08-09T17:41:30","date_gmt":"2021-08-09T16:41:30","guid":{"rendered":"http:\/\/aceitesmioleum.com\/bienvenido-a-http-aceitesmioleum-com\/"},"modified":"2023-10-04T17:15:43","modified_gmt":"2023-10-04T16:15:43","slug":"nosotros","status":"publish","type":"page","link":"https:\/\/aceitesmioleum.com\/en\/nosotros\/","title":{"rendered":"Mioleum"},"content":{"rendered":"<div data-elementor-type=\"wp-page\" data-elementor-id=\"4\" class=\"elementor elementor-4\" data-elementor-post-type=\"page\">\n\t\t\t\t\t\t<section class=\"elementor-section elementor-top-section elementor-element elementor-element-2e992b03 elementor-section-height-min-height elementor-section-content-middle elementor-section-boxed elementor-section-height-default elementor-section-items-middle\" data-id=\"2e992b03\" data-element_type=\"section\" data-settings=\"{&quot;background_background&quot;:&quot;classic&quot;}\">\n\t\t\t\t\t\t\t<div class=\"elementor-background-overlay\"><\/div>\n\t\t\t\t\t\t\t<div class=\"elementor-container elementor-column-gap-default\">\n\t\t\t\t\t<div class=\"elementor-column elementor-col-50 elementor-top-column elementor-element elementor-element-51f9e5d0\" data-id=\"51f9e5d0\" data-element_type=\"column\" data-settings=\"{&quot;background_background&quot;:&quot;classic&quot;}\">\n\t\t\t<div class=\"elementor-widget-wrap elementor-element-populated\">\n\t\t\t\t\t\t<div class=\"elementor-element elementor-element-17c4a6b2 elementor-invisible elementor-widget elementor-widget-heading\" data-id=\"17c4a6b2\" data-element_type=\"widget\" data-settings=\"{&quot;_animation&quot;:&quot;fadeIn&quot;}\" data-widget_type=\"heading.default\">\n\t\t\t\t<div class=\"elementor-widget-container\">\n\t\t\t<h1 class=\"elementor-heading-title elementor-size-default\">Our story<\/h1>\t\t<\/div>\n\t\t\t\t<\/div>\n\t\t\t\t<div class=\"elementor-element elementor-element-905625d elementor-invisible elementor-widget elementor-widget-text-editor\" data-id=\"905625d\" data-element_type=\"widget\" data-settings=\"{&quot;_animation&quot;:&quot;fadeIn&quot;,&quot;_animation_delay&quot;:500}\" data-widget_type=\"text-editor.default\">\n\t\t\t\t<div class=\"elementor-widget-container\">\n\t\t\t\t\t\t\t<p>Aceites Mi\u00f3leum is a young and constantly expanding company within the agricultural sector of extra virgin olive oil, which has allowed us to achieve great success to date.<\/p>\n<p>Our AOVE Premium Selecci\u00f3n Temprana has been awarded the Gold Medal at the Dubai International Olive Oil Competition in 2022.<\/p>\t\t\t\t\t\t<\/div>\n\t\t\t\t<\/div>\n\t\t\t\t\t<\/div>\n\t\t<\/div>\n\t\t\t\t<div class=\"elementor-column elementor-col-50 elementor-top-column elementor-element elementor-element-9518f9c\" data-id=\"9518f9c\" data-element_type=\"column\">\n\t\t\t<div class=\"elementor-widget-wrap\">\n\t\t\t\t\t\t\t<\/div>\n\t\t<\/div>\n\t\t\t\t\t<\/div>\n\t\t<\/section>\n\t\t\t\t<section class=\"elementor-section elementor-top-section elementor-element elementor-element-8e41dfa elementor-section-boxed elementor-section-height-default elementor-section-height-default\" data-id=\"8e41dfa\" data-element_type=\"section\" id=\"info\">\n\t\t\t\t\t\t<div class=\"elementor-container elementor-column-gap-default\">\n\t\t\t\t\t<div class=\"elementor-column elementor-col-50 elementor-top-column elementor-element elementor-element-3e93519\" data-id=\"3e93519\" data-element_type=\"column\">\n\t\t\t<div class=\"elementor-widget-wrap elementor-element-populated\">\n\t\t\t\t\t\t<div class=\"elementor-element elementor-element-75cdf9a elementor-invisible elementor-widget elementor-widget-text-editor\" data-id=\"75cdf9a\" data-element_type=\"widget\" data-settings=\"{&quot;_animation&quot;:&quot;fadeIn&quot;}\" data-widget_type=\"text-editor.default\">\n\t\t\t\t<div class=\"elementor-widget-container\">\n\t\t\t\t\t\t\t<p>Our company is located in\u00a0<span style=\"color: var( --e-global-color-text ); font-family: var( --e-global-typography-text-font-family ), Sans-serif; font-weight: var( --e-global-typography-text-font-weight ); font-size: 1rem;\">Esca\u00f1uela, \"Small in Population but Big in Heart\", awarded in 2019 with the title of \"<\/span><span style=\"color: var( --e-global-color-text ); font-family: var( --e-global-typography-text-font-family ), Sans-serif; font-weight: var( --e-global-typography-text-font-weight ); font-size: 1rem;\">Best Village in Spain with less than 2000 inhabitants\" and now proud to have one of the best EVOO in the world<\/span><span style=\"color: var( --e-global-color-text ); font-family: var( --e-global-typography-text-font-family ), Sans-serif; font-weight: var( --e-global-typography-text-font-weight ); font-size: 1rem;\">. Geographically it is located<\/span><span style=\"color: var( --e-global-color-text ); font-family: var( --e-global-typography-text-font-family ), Sans-serif; font-weight: var( --e-global-typography-text-font-weight ); font-size: 1rem;\">\u00a0in the heart of the best olive-growing area in the world, in the province of Ja\u00e9n, also known as the Olive Oil Capital of the World.<\/span><\/p>\n<p><span style=\"color: var( --e-global-color-text ); font-family: var( --e-global-typography-text-font-family ), Sans-serif; font-weight: var( --e-global-typography-text-font-weight ); font-size: 1rem;\">Aceites Mi\u00f3leum is a young and dynamic company that focuses on the agricultural sector of extra virgin olive oil<\/span><span style=\"color: var( --e-global-color-text ); font-family: var( --e-global-typography-text-font-family ), Sans-serif; font-weight: var( --e-global-typography-text-font-weight ); font-size: 1rem;\">our \"liquid gold\"<\/span><span style=\"color: var( --e-global-color-text ); font-family: var( --e-global-typography-text-font-family ), Sans-serif; font-size: 1rem; font-weight: var( --e-global-typography-text-font-weight );\">. Since its creation, it has stood out for its commitment to quality, customer service and the dissemination of the benefits of olive oil.<\/span><\/p>\n<p>Our EXTRA PREMIUM VIRGIN OLIVE OIL is the result of a constant effort to have the best product to be able to offer it to our customers, having obtained an EVOO totally different from the rest so that our customers are totally satisfied and become our best ambassadors in this sector of Extra Virgin Olive Oil.<\/p>\t\t\t\t\t\t<\/div>\n\t\t\t\t<\/div>\n\t\t\t\t\t<\/div>\n\t\t<\/div>\n\t\t\t\t<div class=\"elementor-column elementor-col-50 elementor-top-column elementor-element elementor-element-3906b8c\" data-id=\"3906b8c\" data-element_type=\"column\">\n\t\t\t<div class=\"elementor-widget-wrap elementor-element-populated\">\n\t\t\t\t\t\t<div class=\"elementor-element elementor-element-793d506 elementor-widget elementor-widget-video\" data-id=\"793d506\" data-element_type=\"widget\" data-settings=\"{&quot;youtube_url&quot;:&quot;https:\\\/\\\/www.youtube.com\\\/watch?v=mluA7ANK9eQ&quot;,&quot;video_type&quot;:&quot;youtube&quot;,&quot;controls&quot;:&quot;yes&quot;}\" data-widget_type=\"video.default\">\n\t\t\t\t<div class=\"elementor-widget-container\">\n\t\t\t\t\t<div class=\"elementor-wrapper elementor-open-inline\">\n\t\t\t<div class=\"elementor-video\"><\/div>\t\t<\/div>\n\t\t\t\t<\/div>\n\t\t\t\t<\/div>\n\t\t\t\t\t<\/div>\n\t\t<\/div>\n\t\t\t\t\t<\/div>\n\t\t<\/section>\n\t\t\t\t<\/div>","protected":false},"excerpt":{"rendered":"<p>Nuestra historia Aceites Mi\u00f3leum es una empresa joven y en constante expansi\u00f3n dentro del sector agr\u00edcola del aceite de oliva virgen extra, lo que nos ha permitido cosechar grandes logros hasta la fecha. Nuestro AOVE Premium Selecci\u00f3n Temprana ha sido galardonado en 2022 con la Medalla de Oro en el Concurso internacional de Aceites de [&hellip;]<\/p>\n","protected":false},"author":1,"featured_media":0,"parent":0,"menu_order":0,"comment_status":"closed","ping_status":"closed","template":"","meta":{"footnotes":""},"class_list":["post-4","page","type-page","status-publish","hentry"],"yoast_head":"<!-- This site is optimized with the Yoast SEO plugin v27.4 - https:\/\/yoast.com\/product\/yoast-seo-wordpress\/ -->\n<title>Mi\u00f3leum - Aceites Mioleum<\/title>\n<meta name=\"description\" content=\"Aceites Mioleum es una empresa joven y en constante expansi\u00f3n dentro del sector agr\u00edcola del aceite de oliva virgen extra\" \/>\n<meta name=\"robots\" content=\"index, follow, max-snippet:-1, max-image-preview:large, max-video-preview:-1\" \/>\n<link rel=\"canonical\" href=\"https:\/\/aceitesmioleum.com\/en\/nosotros\/\" \/>\n<meta property=\"og:locale\" content=\"en_GB\" \/>\n<meta property=\"og:type\" content=\"article\" \/>\n<meta property=\"og:title\" content=\"Mi\u00f3leum - Aceites Mioleum\" \/>\n<meta property=\"og:description\" content=\"Aceites Mioleum es una empresa joven y en constante expansi\u00f3n dentro del sector agr\u00edcola del aceite de oliva virgen extra\" \/>\n<meta property=\"og:url\" content=\"https:\/\/aceitesmioleum.com\/en\/nosotros\/\" \/>\n<meta property=\"og:site_name\" content=\"Aceites Mioleum\" \/>\n<meta property=\"article:modified_time\" content=\"2023-10-04T16:15:43+00:00\" \/>\n<meta name=\"twitter:card\" content=\"summary_large_image\" \/>\n<meta name=\"twitter:label1\" content=\"Estimated reading time\" \/>\n\t<meta name=\"twitter:data1\" content=\"1 minute\" \/>\n<script type=\"application\/ld+json\" class=\"yoast-schema-graph\">{\"@context\":\"https:\\\/\\\/schema.org\",\"@graph\":[{\"@type\":[\"WebPage\",\"AboutPage\"],\"@id\":\"https:\\\/\\\/aceitesmioleum.com\\\/nosotros\\\/\",\"url\":\"https:\\\/\\\/aceitesmioleum.com\\\/nosotros\\\/\",\"name\":\"Mi\u00f3leum - Aceites Mioleum\",\"isPartOf\":{\"@id\":\"https:\\\/\\\/aceitesmioleum.com\\\/#website\"},\"datePublished\":\"2021-08-09T16:41:30+00:00\",\"dateModified\":\"2023-10-04T16:15:43+00:00\",\"description\":\"Aceites Mioleum es una empresa joven y en constante expansi\u00f3n dentro del sector agr\u00edcola del aceite de oliva virgen extra\",\"breadcrumb\":{\"@id\":\"https:\\\/\\\/aceitesmioleum.com\\\/nosotros\\\/#breadcrumb\"},\"inLanguage\":\"en-GB\",\"potentialAction\":[{\"@type\":\"ReadAction\",\"target\":[\"https:\\\/\\\/aceitesmioleum.com\\\/nosotros\\\/\"]}]},{\"@type\":\"BreadcrumbList\",\"@id\":\"https:\\\/\\\/aceitesmioleum.com\\\/nosotros\\\/#breadcrumb\",\"itemListElement\":[{\"@type\":\"ListItem\",\"position\":1,\"name\":\"Portada\",\"item\":\"https:\\\/\\\/aceitesmioleum.com\\\/\"},{\"@type\":\"ListItem\",\"position\":2,\"name\":\"Mi\u00f3leum\"}]},{\"@type\":\"WebSite\",\"@id\":\"https:\\\/\\\/aceitesmioleum.com\\\/#website\",\"url\":\"https:\\\/\\\/aceitesmioleum.com\\\/\",\"name\":\"Aceites Mioleum\",\"description\":\"Aceites Mioleum\",\"publisher\":{\"@id\":\"https:\\\/\\\/aceitesmioleum.com\\\/#organization\"},\"potentialAction\":[{\"@type\":\"SearchAction\",\"target\":{\"@type\":\"EntryPoint\",\"urlTemplate\":\"https:\\\/\\\/aceitesmioleum.com\\\/?s={search_term_string}\"},\"query-input\":{\"@type\":\"PropertyValueSpecification\",\"valueRequired\":true,\"valueName\":\"search_term_string\"}}],\"inLanguage\":\"en-GB\"},{\"@type\":\"Organization\",\"@id\":\"https:\\\/\\\/aceitesmioleum.com\\\/#organization\",\"name\":\"Aceites Mioleum\",\"url\":\"https:\\\/\\\/aceitesmioleum.com\\\/\",\"logo\":{\"@type\":\"ImageObject\",\"inLanguage\":\"en-GB\",\"@id\":\"https:\\\/\\\/aceitesmioleum.com\\\/#\\\/schema\\\/logo\\\/image\\\/\",\"url\":\"https:\\\/\\\/aceitesmioleum.com\\\/wp-content\\\/uploads\\\/2021\\\/10\\\/logo-e1635103494703.png\",\"contentUrl\":\"https:\\\/\\\/aceitesmioleum.com\\\/wp-content\\\/uploads\\\/2021\\\/10\\\/logo-e1635103494703.png\",\"width\":232,\"height\":150,\"caption\":\"Aceites Mioleum\"},\"image\":{\"@id\":\"https:\\\/\\\/aceitesmioleum.com\\\/#\\\/schema\\\/logo\\\/image\\\/\"}}]}<\/script>\n<!-- \/ Yoast SEO plugin. -->","yoast_head_json":{"title":"Mi\u00f3leum - Aceites Mioleum","description":"Aceites Mioleum es una empresa joven y en constante expansi\u00f3n dentro del sector agr\u00edcola del aceite de oliva virgen extra","robots":{"index":"index","follow":"follow","max-snippet":"max-snippet:-1","max-image-preview":"max-image-preview:large","max-video-preview":"max-video-preview:-1"},"canonical":"https:\/\/aceitesmioleum.com\/en\/nosotros\/","og_locale":"en_GB","og_type":"article","og_title":"Mi\u00f3leum - Aceites Mioleum","og_description":"Aceites Mioleum es una empresa joven y en constante expansi\u00f3n dentro del sector agr\u00edcola del aceite de oliva virgen extra","og_url":"https:\/\/aceitesmioleum.com\/en\/nosotros\/","og_site_name":"Aceites Mioleum","article_modified_time":"2023-10-04T16:15:43+00:00","twitter_card":"summary_large_image","twitter_misc":{"Estimated reading time":"1 minute"},"schema":{"@context":"https:\/\/schema.org","@graph":[{"@type":["WebPage","AboutPage"],"@id":"https:\/\/aceitesmioleum.com\/nosotros\/","url":"https:\/\/aceitesmioleum.com\/nosotros\/","name":"Mi\u00f3leum - Aceites Mioleum","isPartOf":{"@id":"https:\/\/aceitesmioleum.com\/#website"},"datePublished":"2021-08-09T16:41:30+00:00","dateModified":"2023-10-04T16:15:43+00:00","description":"Aceites Mioleum es una empresa joven y en constante expansi\u00f3n dentro del sector agr\u00edcola del aceite de oliva virgen extra","breadcrumb":{"@id":"https:\/\/aceitesmioleum.com\/nosotros\/#breadcrumb"},"inLanguage":"en-GB","potentialAction":[{"@type":"ReadAction","target":["https:\/\/aceitesmioleum.com\/nosotros\/"]}]},{"@type":"BreadcrumbList","@id":"https:\/\/aceitesmioleum.com\/nosotros\/#breadcrumb","itemListElement":[{"@type":"ListItem","position":1,"name":"Portada","item":"https:\/\/aceitesmioleum.com\/"},{"@type":"ListItem","position":2,"name":"Mi\u00f3leum"}]},{"@type":"WebSite","@id":"https:\/\/aceitesmioleum.com\/#website","url":"https:\/\/aceitesmioleum.com\/","name":"Aceites Mioleum","description":"Aceites Mioleum","publisher":{"@id":"https:\/\/aceitesmioleum.com\/#organization"},"potentialAction":[{"@type":"SearchAction","target":{"@type":"EntryPoint","urlTemplate":"https:\/\/aceitesmioleum.com\/?s={search_term_string}"},"query-input":{"@type":"PropertyValueSpecification","valueRequired":true,"valueName":"search_term_string"}}],"inLanguage":"en-GB"},{"@type":"Organization","@id":"https:\/\/aceitesmioleum.com\/#organization","name":"Aceites Mioleum","url":"https:\/\/aceitesmioleum.com\/","logo":{"@type":"ImageObject","inLanguage":"en-GB","@id":"https:\/\/aceitesmioleum.com\/#\/schema\/logo\/image\/","url":"https:\/\/aceitesmioleum.com\/wp-content\/uploads\/2021\/10\/logo-e1635103494703.png","contentUrl":"https:\/\/aceitesmioleum.com\/wp-content\/uploads\/2021\/10\/logo-e1635103494703.png","width":232,"height":150,"caption":"Aceites Mioleum"},"image":{"@id":"https:\/\/aceitesmioleum.com\/#\/schema\/logo\/image\/"}}]}},"_links":{"self":[{"href":"https:\/\/aceitesmioleum.com\/en\/wp-json\/wp\/v2\/pages\/4","targetHints":{"allow":["GET"]}}],"collection":[{"href":"https:\/\/aceitesmioleum.com\/en\/wp-json\/wp\/v2\/pages"}],"about":[{"href":"https:\/\/aceitesmioleum.com\/en\/wp-json\/wp\/v2\/types\/page"}],"author":[{"embeddable":true,"href":"https:\/\/aceitesmioleum.com\/en\/wp-json\/wp\/v2\/users\/1"}],"replies":[{"embeddable":true,"href":"https:\/\/aceitesmioleum.com\/en\/wp-json\/wp\/v2\/comments?post=4"}],"version-history":[{"count":3,"href":"https:\/\/aceitesmioleum.com\/en\/wp-json\/wp\/v2\/pages\/4\/revisions"}],"predecessor-version":[{"id":726,"href":"https:\/\/aceitesmioleum.com\/en\/wp-json\/wp\/v2\/pages\/4\/revisions\/726"}],"wp:attachment":[{"href":"https:\/\/aceitesmioleum.com\/en\/wp-json\/wp\/v2\/media?parent=4"}],"curies":[{"name":"wp","href":"https:\/\/api.w.org\/{rel}","templated":true}]}}